{"id":735,"date":"2024-10-07T18:15:08","date_gmt":"2024-10-07T18:15:08","guid":{"rendered":"https:\/\/www.paderewskihome.ca\/?page_id=735"},"modified":"2024-10-28T18:20:52","modified_gmt":"2024-10-28T18:20:52","slug":"membership-application","status":"publish","type":"page","link":"https:\/\/www.paderewskihome.ca\/pl\/membership-application\/","title":{"rendered":"Wniosek o cz\u0142onkostwo"},"content":{"rendered":"<div data-elementor-type=\"wp-page\" data-elementor-id=\"735\" class=\"elementor elementor-735\" data-elementor-post-type=\"page\">\n\t\t\t\t<div class=\"elementor-element elementor-element-4162894 e-flex e-con-boxed e-con e-parent\" data-id=\"4162894\" data-element_type=\"container\" data-e-type=\"container\">\n\t\t\t\t\t<div class=\"e-con-inner\">\n\t\t\t\t<div class=\"elementor-element elementor-element-18a4844 elementor-widget elementor-widget-heading\" data-id=\"18a4844\" data-element_type=\"widget\" data-e-type=\"widget\" data-settings=\"{&quot;ekit_we_effect_on&quot;:&quot;none&quot;}\" data-widget_type=\"heading.default\">\n\t\t\t\t<div class=\"elementor-widget-container\">\n\t\t\t\t\t<h2 class=\"elementor-heading-title elementor-size-default\">Wniosek o cz\u0142onkostwo<\/h2>\t\t\t\t<\/div>\n\t\t\t\t<\/div>\n\t\t\t\t\t<\/div>\n\t\t\t\t<\/div>\n\t\t<div class=\"elementor-element elementor-element-e15ae16 e-flex e-con-boxed e-con e-parent\" data-id=\"e15ae16\" data-element_type=\"container\" data-e-type=\"container\">\n\t\t\t\t\t<div class=\"e-con-inner\">\n\t\t<div class=\"elementor-element elementor-element-2f08c50 e-con-full e-flex e-con e-child\" data-id=\"2f08c50\" data-element_type=\"container\" data-e-type=\"container\">\n\t\t\t\t<div class=\"elementor-element elementor-element-ff80edd elementor-widget elementor-widget-text-editor\" data-id=\"ff80edd\" data-element_type=\"widget\" data-e-type=\"widget\" data-settings=\"{&quot;ekit_we_effect_on&quot;:&quot;none&quot;}\" data-widget_type=\"text-editor.default\">\n\t\t\t\t<div class=\"elementor-widget-container\">\n\t\t\t\t\t\t\t\t\t<p>Paderewski Society Home zosta\u0142 za\u0142o\u017cony w 1980 roku jako korporacja non-profit zgodnie z Ontario Corporations Act. Jest to niezale\u017cny o\u015brodek dla senior\u00f3w, kt\u00f3ry oferuje 70 mieszka\u0144, w tym apartamenty z jedn\u0105 i dwiema sypialniami. Jednostki te zosta\u0142y zaprojektowane z my\u015bl\u0105 o przyst\u0119pnych cenach, oferuj\u0105c czynsz dostosowany do dochod\u00f3w i dost\u0119pne opcje.  Oferujemy niedrogie mieszkania dla senior\u00f3w w wieku 55 lat i starszych, kt\u00f3re s\u0105 dotowane przez regionaln\u0105 gmin\u0119 Niagara i znane jako Niagara Regional Housing.<\/p><p>Aktywnie poszukujemy wolontariuszy, kt\u00f3rzy s\u0105 zainteresowani cz\u0142onkostwem i potencjaln\u0105 prac\u0105 w zarz\u0105dzie. Funkcje te pe\u0142nione s\u0105 w ramach wolontariatu, a za pe\u0142nienie funkcji cz\u0142onka lub cz\u0142onka zarz\u0105du nie przys\u0142uguje \u017cadne wynagrodzenie.  Cz\u0142onkostwo jest otwarte dla obywateli Kanady i sta\u0142ych rezydent\u00f3w.<\/p>\t\t\t\t\t\t\t\t<\/div>\n\t\t\t\t<\/div>\n\t\t\t\t<\/div>\n\t\t<div class=\"elementor-element elementor-element-c0996ba e-con-full e-flex e-con e-child\" data-id=\"c0996ba\" data-element_type=\"container\" data-e-type=\"container\">\n\t\t\t\t<div class=\"elementor-element elementor-element-efd8bf1 elementor-widget elementor-widget-text-editor\" data-id=\"efd8bf1\" data-element_type=\"widget\" data-e-type=\"widget\" data-settings=\"{&quot;ekit_we_effect_on&quot;:&quot;none&quot;}\" data-widget_type=\"text-editor.default\">\n\t\t\t\t<div class=\"elementor-widget-container\">\n\t\t\t\t\t\t\t\t\t<p>Je\u015bli s\u0105 Pa\u0144stwo zainteresowani z\u0142o\u017ceniem wniosku, prosz\u0119 klikn\u0105\u0107 przycisk, aby pobra\u0107 wniosek, wype\u0142ni\u0107 wniosek o cz\u0142onkostwo i wys\u0142a\u0107 go poczt\u0105 elektroniczn\u0105 na adres: <a href=\"mailto:paderewskihome@gmail.com\">paderewskihome@gmail.com<\/a> gdzie Pa\u0144stwa wniosek zostanie rozpatrzony przez Rad\u0119 Dyrektor\u00f3w.<\/p>\t\t\t\t\t\t\t\t<\/div>\n\t\t\t\t<\/div>\n\t\t\t\t<div class=\"elementor-element elementor-element-45a4ca1 elementor-align-center elementor-widget elementor-widget-button\" data-id=\"45a4ca1\" data-element_type=\"widget\" data-e-type=\"widget\" data-settings=\"{&quot;ekit_we_effect_on&quot;:&quot;none&quot;}\" data-widget_type=\"button.default\">\n\t\t\t\t<div class=\"elementor-widget-container\">\n\t\t\t\t\t\t\t\t\t<div class=\"elementor-button-wrapper\">\n\t\t\t\t\t<a class=\"elementor-button elementor-button-link elementor-size-sm\" href=\"http:\/\/www.paderewskihome.ca\/wp-content\/uploads\/2024\/10\/Fillable-MEMBERSHIP-APPLICATION-2024.pdf\">\n\t\t\t\t\t\t<span class=\"elementor-button-content-wrapper\">\n\t\t\t\t\t\t<span class=\"elementor-button-icon\">\n\t\t\t\t<svg aria-hidden=\"true\" class=\"e-font-icon-svg e-far-file-pdf\" viewbox=\"0 0 384 512\" xmlns=\"http:\/\/www.w3.org\/2000\/svg\"><path d=\"M369.9 97.9L286 14C277 5 264.8-.1 252.1-.1H48C21.5 0 0 21.5 0 48v416c0 26.5 21.5 48 48 48h288c26.5 0 48-21.5 48-48V131.9c0-12.7-5.1-25-14.1-34zM332.1 128H256V51.9l76.1 76.1zM48 464V48h160v104c0 13.3 10.7 24 24 24h104v288H48zm250.2-143.7c-12.2-12-47-8.7-64.4-6.5-17.2-10.5-28.7-25-36.8-46.3 3.9-16.1 10.1-40.6 5.4-56-4.2-26.2-37.8-23.6-42.6-5.9-4.4 16.1-.4 38.5 7 67.1-10 23.9-24.9 56-35.4 74.4-20 10.3-47 26.2-51 46.2-3.3 15.8 26 55.2 76.1-31.2 22.4-7.4 46.8-16.5 68.4-20.1 18.9 10.2 41 17 55.8 17 25.5 0 28-28.2 17.5-38.7zm-198.1 77.8c5.1-13.7 24.5-29.5 30.4-35-19 30.3-30.4 35.7-30.4 35zm81.6-190.6c7.4 0 6.7 32.1 1.8 40.8-4.4-13.9-4.3-40.8-1.8-40.8zm-24.4 136.6c9.7-16.9 18-37 24.7-54.7 8.3 15.1 18.9 27.2 30.1 35.5-20.8 4.3-38.9 13.1-54.8 19.2zm131.6-5s-5 6-37.3-7.8c35.1-2.6 40.9 5.4 37.3 7.8z\"><\/path><\/svg>\t\t\t<\/span>\n\t\t\t\t\t\t\t\t\t<span class=\"elementor-button-text\">Prosz\u0119 pobra\u0107 PDF<\/span>\n\t\t\t\t\t<\/span>\n\t\t\t\t\t<\/a>\n\t\t\t\t<\/div>\n\t\t\t\t\t\t\t\t<\/div>\n\t\t\t\t<\/div>\n\t\t\t\t<\/div>\n\t\t\t\t\t<\/div>\n\t\t\t\t<\/div>\n\t\t\t\t<\/div>","protected":false},"excerpt":{"rendered":"<p>Membership Application The Paderewski Society Home was established in 1980 as a not-for-profit corporation in compliance with the Ontario Corporations Act. It is an independent senior living facility that boasts 70 units, including both one and two-bedroom apartments. These units are designed with affordability in mind, offering rent geared to income and accessible options.\u00a0 We [&hellip;]<\/p>\n","protected":false},"author":1,"featured_media":0,"parent":0,"menu_order":0,"comment_status":"closed","ping_status":"closed","template":"elementor_header_footer","meta":{"footnotes":""},"class_list":["post-735","page","type-page","status-publish","hentry"],"yoast_head":"<!-- This site is optimized with the Yoast SEO plugin v27.5 - https:\/\/yoast.com\/product\/yoast-seo-wordpress\/ -->\n<title>Membership Application - Paderewski Society Home<\/title>\n<meta name=\"robots\" content=\"index, follow, max-snippet:-1, max-image-preview:large, max-video-preview:-1\" \/>\n<link rel=\"canonical\" href=\"https:\/\/www.paderewskihome.ca\/pl\/membership-application\/\" \/>\n<meta property=\"og:locale\" content=\"pl_PL\" \/>\n<meta property=\"og:type\" content=\"article\" \/>\n<meta property=\"og:title\" content=\"Membership Application - Paderewski Society Home\" \/>\n<meta property=\"og:description\" content=\"Membership Application The Paderewski Society Home was established in 1980 as a not-for-profit corporation in compliance with the Ontario Corporations Act. It is an independent senior living facility that boasts 70 units, including both one and two-bedroom apartments. These units are designed with affordability in mind, offering rent geared to income and accessible options.\u00a0 We [&hellip;]\" \/>\n<meta property=\"og:url\" content=\"https:\/\/www.paderewskihome.ca\/pl\/membership-application\/\" \/>\n<meta property=\"og:site_name\" content=\"Paderewski Society Home\" \/>\n<meta property=\"article:modified_time\" content=\"2024-10-28T18:20:52+00:00\" \/>\n<meta name=\"twitter:card\" content=\"summary_large_image\" \/>\n<meta name=\"twitter:label1\" content=\"Szacowany czas czytania\" \/>\n\t<meta name=\"twitter:data1\" content=\"1 minuta\" \/>\n<script type=\"application\/ld+json\" class=\"yoast-schema-graph\">{\"@context\":\"https:\\\/\\\/schema.org\",\"@graph\":[{\"@type\":\"WebPage\",\"@id\":\"https:\\\/\\\/www.paderewskihome.ca\\\/membership-application\\\/\",\"url\":\"https:\\\/\\\/www.paderewskihome.ca\\\/membership-application\\\/\",\"name\":\"Membership Application - Paderewski Society Home\",\"isPartOf\":{\"@id\":\"https:\\\/\\\/www.paderewskihome.ca\\\/#website\"},\"datePublished\":\"2024-10-07T18:15:08+00:00\",\"dateModified\":\"2024-10-28T18:20:52+00:00\",\"breadcrumb\":{\"@id\":\"https:\\\/\\\/www.paderewskihome.ca\\\/membership-application\\\/#breadcrumb\"},\"inLanguage\":\"pl-PL\",\"potentialAction\":[{\"@type\":\"ReadAction\",\"target\":[\"https:\\\/\\\/www.paderewskihome.ca\\\/membership-application\\\/\"]}]},{\"@type\":\"BreadcrumbList\",\"@id\":\"https:\\\/\\\/www.paderewskihome.ca\\\/membership-application\\\/#breadcrumb\",\"itemListElement\":[{\"@type\":\"ListItem\",\"position\":1,\"name\":\"Home\",\"item\":\"https:\\\/\\\/www.paderewskihome.ca\\\/\"},{\"@type\":\"ListItem\",\"position\":2,\"name\":\"Membership Application\"}]},{\"@type\":\"WebSite\",\"@id\":\"https:\\\/\\\/www.paderewskihome.ca\\\/#website\",\"url\":\"https:\\\/\\\/www.paderewskihome.ca\\\/\",\"name\":\"Paderewski Society Home\",\"description\":\"Paderewski Society Home\",\"publisher\":{\"@id\":\"https:\\\/\\\/www.paderewskihome.ca\\\/#organization\"},\"potentialAction\":[{\"@type\":\"SearchAction\",\"target\":{\"@type\":\"EntryPoint\",\"urlTemplate\":\"https:\\\/\\\/www.paderewskihome.ca\\\/?s={search_term_string}\"},\"query-input\":{\"@type\":\"PropertyValueSpecification\",\"valueRequired\":true,\"valueName\":\"search_term_string\"}}],\"inLanguage\":\"pl-PL\"},{\"@type\":\"Organization\",\"@id\":\"https:\\\/\\\/www.paderewskihome.ca\\\/#organization\",\"name\":\"Paderewski Society Home\",\"url\":\"https:\\\/\\\/www.paderewskihome.ca\\\/\",\"logo\":{\"@type\":\"ImageObject\",\"inLanguage\":\"pl-PL\",\"@id\":\"https:\\\/\\\/www.paderewskihome.ca\\\/#\\\/schema\\\/logo\\\/image\\\/\",\"url\":\"https:\\\/\\\/www.paderewskihome.ca\\\/wp-content\\\/uploads\\\/2024\\\/05\\\/Paderewski-Niagara-Web-2.png\",\"contentUrl\":\"https:\\\/\\\/www.paderewskihome.ca\\\/wp-content\\\/uploads\\\/2024\\\/05\\\/Paderewski-Niagara-Web-2.png\",\"width\":371,\"height\":121,\"caption\":\"Paderewski Society Home\"},\"image\":{\"@id\":\"https:\\\/\\\/www.paderewskihome.ca\\\/#\\\/schema\\\/logo\\\/image\\\/\"}}]}<\/script>\n<!-- \/ Yoast SEO plugin. -->","yoast_head_json":{"title":"Membership Application - Paderewski Society Home","robots":{"index":"index","follow":"follow","max-snippet":"max-snippet:-1","max-image-preview":"max-image-preview:large","max-video-preview":"max-video-preview:-1"},"canonical":"https:\/\/www.paderewskihome.ca\/pl\/membership-application\/","og_locale":"pl_PL","og_type":"article","og_title":"Membership Application - Paderewski Society Home","og_description":"Membership Application The Paderewski Society Home was established in 1980 as a not-for-profit corporation in compliance with the Ontario Corporations Act. It is an independent senior living facility that boasts 70 units, including both one and two-bedroom apartments. These units are designed with affordability in mind, offering rent geared to income and accessible options.\u00a0 We [&hellip;]","og_url":"https:\/\/www.paderewskihome.ca\/pl\/membership-application\/","og_site_name":"Paderewski Society Home","article_modified_time":"2024-10-28T18:20:52+00:00","twitter_card":"summary_large_image","twitter_misc":{"Szacowany czas czytania":"1 minuta"},"schema":{"@context":"https:\/\/schema.org","@graph":[{"@type":"WebPage","@id":"https:\/\/www.paderewskihome.ca\/membership-application\/","url":"https:\/\/www.paderewskihome.ca\/membership-application\/","name":"Membership Application - Paderewski Society Home","isPartOf":{"@id":"https:\/\/www.paderewskihome.ca\/#website"},"datePublished":"2024-10-07T18:15:08+00:00","dateModified":"2024-10-28T18:20:52+00:00","breadcrumb":{"@id":"https:\/\/www.paderewskihome.ca\/membership-application\/#breadcrumb"},"inLanguage":"pl-PL","potentialAction":[{"@type":"ReadAction","target":["https:\/\/www.paderewskihome.ca\/membership-application\/"]}]},{"@type":"BreadcrumbList","@id":"https:\/\/www.paderewskihome.ca\/membership-application\/#breadcrumb","itemListElement":[{"@type":"ListItem","position":1,"name":"Home","item":"https:\/\/www.paderewskihome.ca\/"},{"@type":"ListItem","position":2,"name":"Membership Application"}]},{"@type":"WebSite","@id":"https:\/\/www.paderewskihome.ca\/#website","url":"https:\/\/www.paderewskihome.ca\/","name":"Strona g\u0142\u00f3wna Towarzystwa Paderewskiego","description":"Strona g\u0142\u00f3wna Towarzystwa Paderewskiego","publisher":{"@id":"https:\/\/www.paderewskihome.ca\/#organization"},"potentialAction":[{"@type":"SearchAction","target":{"@type":"EntryPoint","urlTemplate":"https:\/\/www.paderewskihome.ca\/?s={search_term_string}"},"query-input":{"@type":"PropertyValueSpecification","valueRequired":true,"valueName":"search_term_string"}}],"inLanguage":"pl-PL"},{"@type":"Organization","@id":"https:\/\/www.paderewskihome.ca\/#organization","name":"Strona g\u0142\u00f3wna Towarzystwa Paderewskiego","url":"https:\/\/www.paderewskihome.ca\/","logo":{"@type":"ImageObject","inLanguage":"pl-PL","@id":"https:\/\/www.paderewskihome.ca\/#\/schema\/logo\/image\/","url":"https:\/\/www.paderewskihome.ca\/wp-content\/uploads\/2024\/05\/Paderewski-Niagara-Web-2.png","contentUrl":"https:\/\/www.paderewskihome.ca\/wp-content\/uploads\/2024\/05\/Paderewski-Niagara-Web-2.png","width":371,"height":121,"caption":"Paderewski Society Home"},"image":{"@id":"https:\/\/www.paderewskihome.ca\/#\/schema\/logo\/image\/"}}]}},"_links":{"self":[{"href":"https:\/\/www.paderewskihome.ca\/pl\/wp-json\/wp\/v2\/pages\/735","targetHints":{"allow":["GET"]}}],"collection":[{"href":"https:\/\/www.paderewskihome.ca\/pl\/wp-json\/wp\/v2\/pages"}],"about":[{"href":"https:\/\/www.paderewskihome.ca\/pl\/wp-json\/wp\/v2\/types\/page"}],"author":[{"embeddable":true,"href":"https:\/\/www.paderewskihome.ca\/pl\/wp-json\/wp\/v2\/users\/1"}],"replies":[{"embeddable":true,"href":"https:\/\/www.paderewskihome.ca\/pl\/wp-json\/wp\/v2\/comments?post=735"}],"version-history":[{"count":16,"href":"https:\/\/www.paderewskihome.ca\/pl\/wp-json\/wp\/v2\/pages\/735\/revisions"}],"predecessor-version":[{"id":958,"href":"https:\/\/www.paderewskihome.ca\/pl\/wp-json\/wp\/v2\/pages\/735\/revisions\/958"}],"wp:attachment":[{"href":"https:\/\/www.paderewskihome.ca\/pl\/wp-json\/wp\/v2\/media?parent=735"}],"curies":[{"name":"wp","href":"https:\/\/api.w.org\/{rel}","templated":true}]}}