{"id":611,"date":"2024-06-12T18:18:03","date_gmt":"2024-06-12T18:18:03","guid":{"rendered":"https:\/\/www.paderewskihome.ca\/membership-login\/password-reset\/"},"modified":"2024-06-12T18:18:03","modified_gmt":"2024-06-12T18:18:03","slug":"password-reset","status":"publish","type":"page","link":"https:\/\/www.paderewskihome.ca\/pl\/tenants-login\/password-reset\/","title":{"rendered":"Reset has\u0142a"},"content":{"rendered":"<div class=\"swpm-pw-reset-widget-form\">\n    <form id=\"swpm-pw-reset-form\" name=\"swpm-reset-form\" method=\"post\" action=\"\" data-trp-original-action=\"\">\n        <div class=\"swpm-pw-reset-widget-inside\">\n            <div class=\"swpm-pw-reset-email swpm-margin-top-10\">\n                <label for=\"swpm_reset_email\" class=\"swpm_label swpm-pw-reset-email-label\">Adres e-mail<\/label>\n            <\/div>\n            <div class=\"swpm-pw-reset-email-input swpm-margin-top-10\">\n                <input type=\"text\" name=\"swpm_reset_email\" class=\"swpm-text-field swpm-pw-reset-text\" id=\"swpm_reset_email\"  value=\"\" size=\"30\" \/>\n            <\/div>\n            <div class=\"swpm-before-login-submit-section\"><\/div>\n            <div class=\"swpm-pw-reset-submit-button\">\n                <input type=\"submit\" name=\"swpm-reset\" class=\"swpm-pw-reset-submit swpm-submit-btn-default-style\" value=\"Reset has\u0142a\" \/>\n            <\/div>\n        <\/div>\n    <input type=\"hidden\" name=\"trp-form-language\" value=\"pl\"\/><\/form>\n<\/div>\n<div class=\"swpm_pass_reset_processing_msg_section\">\n    <p id=\"swpm_pass_reset_processing_msg\" hidden=\"hidden\">\n        Przetwarzanie \u017c\u0105dania resetu has\u0142a...    <\/p>\n<\/div>\n<script>\n  document.getElementById(\"swpm-pw-reset-form\").addEventListener(\"submit\", function() {\n  let p = document.getElementById('swpm_pass_reset_processing_msg');\n    p.removeAttribute(\"hidden\");\n  });\n<\/script>","protected":false},"excerpt":{"rendered":"","protected":false},"author":1,"featured_media":0,"parent":609,"menu_order":0,"comment_status":"closed","ping_status":"closed","template":"","meta":{"footnotes":""},"class_list":["post-611","page","type-page","status-publish","hentry"],"yoast_head":"<!-- This site is optimized with the Yoast SEO plugin v27.5 - https:\/\/yoast.com\/product\/yoast-seo-wordpress\/ -->\n<title>Password Reset - Paderewski Society Home<\/title>\n<meta name=\"robots\" content=\"index, follow, max-snippet:-1, max-image-preview:large, max-video-preview:-1\" \/>\n<link rel=\"canonical\" href=\"https:\/\/www.paderewskihome.ca\/pl\/tenants-login\/password-reset\/\" \/>\n<meta property=\"og:locale\" content=\"pl_PL\" \/>\n<meta property=\"og:type\" content=\"article\" \/>\n<meta property=\"og:title\" content=\"Password Reset - Paderewski Society Home\" \/>\n<meta property=\"og:url\" content=\"https:\/\/www.paderewskihome.ca\/pl\/tenants-login\/password-reset\/\" \/>\n<meta property=\"og:site_name\" content=\"Paderewski Society Home\" \/>\n<meta name=\"twitter:card\" content=\"summary_large_image\" \/>\n<script type=\"application\/ld+json\" class=\"yoast-schema-graph\">{\"@context\":\"https:\\\/\\\/schema.org\",\"@graph\":[{\"@type\":\"WebPage\",\"@id\":\"https:\\\/\\\/www.paderewskihome.ca\\\/tenants-login\\\/password-reset\\\/\",\"url\":\"https:\\\/\\\/www.paderewskihome.ca\\\/tenants-login\\\/password-reset\\\/\",\"name\":\"Password Reset - Paderewski Society Home\",\"isPartOf\":{\"@id\":\"https:\\\/\\\/www.paderewskihome.ca\\\/#website\"},\"datePublished\":\"2024-06-12T18:18:03+00:00\",\"breadcrumb\":{\"@id\":\"https:\\\/\\\/www.paderewskihome.ca\\\/tenants-login\\\/password-reset\\\/#breadcrumb\"},\"inLanguage\":\"pl-PL\",\"potentialAction\":[{\"@type\":\"ReadAction\",\"target\":[\"https:\\\/\\\/www.paderewskihome.ca\\\/tenants-login\\\/password-reset\\\/\"]}]},{\"@type\":\"BreadcrumbList\",\"@id\":\"https:\\\/\\\/www.paderewskihome.ca\\\/tenants-login\\\/password-reset\\\/#breadcrumb\",\"itemListElement\":[{\"@type\":\"ListItem\",\"position\":1,\"name\":\"Home\",\"item\":\"https:\\\/\\\/www.paderewskihome.ca\\\/\"},{\"@type\":\"ListItem\",\"position\":2,\"name\":\"Tenant Login\",\"item\":\"https:\\\/\\\/www.paderewskihome.ca\\\/tenants-login\\\/\"},{\"@type\":\"ListItem\",\"position\":3,\"name\":\"Password Reset\"}]},{\"@type\":\"WebSite\",\"@id\":\"https:\\\/\\\/www.paderewskihome.ca\\\/#website\",\"url\":\"https:\\\/\\\/www.paderewskihome.ca\\\/\",\"name\":\"Paderewski Society Home\",\"description\":\"Paderewski Society Home\",\"publisher\":{\"@id\":\"https:\\\/\\\/www.paderewskihome.ca\\\/#organization\"},\"potentialAction\":[{\"@type\":\"SearchAction\",\"target\":{\"@type\":\"EntryPoint\",\"urlTemplate\":\"https:\\\/\\\/www.paderewskihome.ca\\\/?s={search_term_string}\"},\"query-input\":{\"@type\":\"PropertyValueSpecification\",\"valueRequired\":true,\"valueName\":\"search_term_string\"}}],\"inLanguage\":\"pl-PL\"},{\"@type\":\"Organization\",\"@id\":\"https:\\\/\\\/www.paderewskihome.ca\\\/#organization\",\"name\":\"Paderewski Society Home\",\"url\":\"https:\\\/\\\/www.paderewskihome.ca\\\/\",\"logo\":{\"@type\":\"ImageObject\",\"inLanguage\":\"pl-PL\",\"@id\":\"https:\\\/\\\/www.paderewskihome.ca\\\/#\\\/schema\\\/logo\\\/image\\\/\",\"url\":\"https:\\\/\\\/www.paderewskihome.ca\\\/wp-content\\\/uploads\\\/2024\\\/05\\\/Paderewski-Niagara-Web-2.png\",\"contentUrl\":\"https:\\\/\\\/www.paderewskihome.ca\\\/wp-content\\\/uploads\\\/2024\\\/05\\\/Paderewski-Niagara-Web-2.png\",\"width\":371,\"height\":121,\"caption\":\"Paderewski Society Home\"},\"image\":{\"@id\":\"https:\\\/\\\/www.paderewskihome.ca\\\/#\\\/schema\\\/logo\\\/image\\\/\"}}]}<\/script>\n<!-- \/ Yoast SEO plugin. -->","yoast_head_json":{"title":"Reset has\u0142a - Towarzystwo Paderewskiego Strona g\u0142\u00f3wna","robots":{"index":"index","follow":"follow","max-snippet":"max-snippet:-1","max-image-preview":"max-image-preview:large","max-video-preview":"max-video-preview:-1"},"canonical":"https:\/\/www.paderewskihome.ca\/pl\/tenants-login\/password-reset\/","og_locale":"pl_PL","og_type":"article","og_title":"Password Reset - Paderewski Society Home","og_url":"https:\/\/www.paderewskihome.ca\/pl\/tenants-login\/password-reset\/","og_site_name":"Paderewski Society Home","twitter_card":"summary_large_image","schema":{"@context":"https:\/\/schema.org","@graph":[{"@type":"WebPage","@id":"https:\/\/www.paderewskihome.ca\/tenants-login\/password-reset\/","url":"https:\/\/www.paderewskihome.ca\/tenants-login\/password-reset\/","name":"Reset has\u0142a - Towarzystwo Paderewskiego Strona g\u0142\u00f3wna","isPartOf":{"@id":"https:\/\/www.paderewskihome.ca\/#website"},"datePublished":"2024-06-12T18:18:03+00:00","breadcrumb":{"@id":"https:\/\/www.paderewskihome.ca\/tenants-login\/password-reset\/#breadcrumb"},"inLanguage":"pl-PL","potentialAction":[{"@type":"ReadAction","target":["https:\/\/www.paderewskihome.ca\/tenants-login\/password-reset\/"]}]},{"@type":"BreadcrumbList","@id":"https:\/\/www.paderewskihome.ca\/tenants-login\/password-reset\/#breadcrumb","itemListElement":[{"@type":"ListItem","position":1,"name":"Home","item":"https:\/\/www.paderewskihome.ca\/"},{"@type":"ListItem","position":2,"name":"Tenant Login","item":"https:\/\/www.paderewskihome.ca\/tenants-login\/"},{"@type":"ListItem","position":3,"name":"Password Reset"}]},{"@type":"WebSite","@id":"https:\/\/www.paderewskihome.ca\/#website","url":"https:\/\/www.paderewskihome.ca\/","name":"Strona g\u0142\u00f3wna Towarzystwa Paderewskiego","description":"Strona g\u0142\u00f3wna Towarzystwa Paderewskiego","publisher":{"@id":"https:\/\/www.paderewskihome.ca\/#organization"},"potentialAction":[{"@type":"SearchAction","target":{"@type":"EntryPoint","urlTemplate":"https:\/\/www.paderewskihome.ca\/?s={search_term_string}"},"query-input":{"@type":"PropertyValueSpecification","valueRequired":true,"valueName":"search_term_string"}}],"inLanguage":"pl-PL"},{"@type":"Organization","@id":"https:\/\/www.paderewskihome.ca\/#organization","name":"Strona g\u0142\u00f3wna Towarzystwa Paderewskiego","url":"https:\/\/www.paderewskihome.ca\/","logo":{"@type":"ImageObject","inLanguage":"pl-PL","@id":"https:\/\/www.paderewskihome.ca\/#\/schema\/logo\/image\/","url":"https:\/\/www.paderewskihome.ca\/wp-content\/uploads\/2024\/05\/Paderewski-Niagara-Web-2.png","contentUrl":"https:\/\/www.paderewskihome.ca\/wp-content\/uploads\/2024\/05\/Paderewski-Niagara-Web-2.png","width":371,"height":121,"caption":"Paderewski Society Home"},"image":{"@id":"https:\/\/www.paderewskihome.ca\/#\/schema\/logo\/image\/"}}]}},"_links":{"self":[{"href":"https:\/\/www.paderewskihome.ca\/pl\/wp-json\/wp\/v2\/pages\/611","targetHints":{"allow":["GET"]}}],"collection":[{"href":"https:\/\/www.paderewskihome.ca\/pl\/wp-json\/wp\/v2\/pages"}],"about":[{"href":"https:\/\/www.paderewskihome.ca\/pl\/wp-json\/wp\/v2\/types\/page"}],"author":[{"embeddable":true,"href":"https:\/\/www.paderewskihome.ca\/pl\/wp-json\/wp\/v2\/users\/1"}],"replies":[{"embeddable":true,"href":"https:\/\/www.paderewskihome.ca\/pl\/wp-json\/wp\/v2\/comments?post=611"}],"version-history":[{"count":0,"href":"https:\/\/www.paderewskihome.ca\/pl\/wp-json\/wp\/v2\/pages\/611\/revisions"}],"up":[{"embeddable":true,"href":"https:\/\/www.paderewskihome.ca\/pl\/wp-json\/wp\/v2\/pages\/609"}],"wp:attachment":[{"href":"https:\/\/www.paderewskihome.ca\/pl\/wp-json\/wp\/v2\/media?parent=611"}],"curies":[{"name":"wp","href":"https:\/\/api.w.org\/{rel}","templated":true}]}}