{"id":423,"date":"2024-05-24T14:19:54","date_gmt":"2024-05-24T14:19:54","guid":{"rendered":"https:\/\/www.paderewskihome.ca\/?page_id=423"},"modified":"2024-11-20T21:01:15","modified_gmt":"2024-11-20T21:01:15","slug":"how-to-apply","status":"publish","type":"page","link":"https:\/\/www.paderewskihome.ca\/pl\/how-to-apply\/","title":{"rendered":"Jak z\u0142o\u017cy\u0107 wniosek"},"content":{"rendered":"<div data-elementor-type=\"wp-page\" data-elementor-id=\"423\" class=\"elementor elementor-423\" data-elementor-post-type=\"page\">\n\t\t\t\t<div class=\"elementor-element elementor-element-8269606 e-flex e-con-boxed e-con e-parent\" data-id=\"8269606\" data-element_type=\"container\" data-e-type=\"container\">\n\t\t\t\t\t<div class=\"e-con-inner\">\n\t\t\t\t<div class=\"elementor-element elementor-element-07561fa elementor-widget elementor-widget-heading\" data-id=\"07561fa\" data-element_type=\"widget\" data-e-type=\"widget\" data-settings=\"{&quot;ekit_we_effect_on&quot;:&quot;none&quot;}\" data-widget_type=\"heading.default\">\n\t\t\t\t<div class=\"elementor-widget-container\">\n\t\t\t\t\t<h2 class=\"elementor-heading-title elementor-size-default\">Jak z\u0142o\u017cy\u0107 wniosek<\/h2>\t\t\t\t<\/div>\n\t\t\t\t<\/div>\n\t\t\t\t\t<\/div>\n\t\t\t\t<\/div>\n\t\t<div class=\"elementor-element elementor-element-57c6251 e-flex e-con-boxed e-con e-parent\" data-id=\"57c6251\" data-element_type=\"container\" data-e-type=\"container\">\n\t\t\t\t\t<div class=\"e-con-inner\">\n\t\t<div class=\"elementor-element elementor-element-ce578ee e-con-full e-flex e-con e-child\" data-id=\"ce578ee\" data-element_type=\"container\" data-e-type=\"container\">\n\t\t\t\t<div class=\"elementor-element elementor-element-cc928fa elementor-widget elementor-widget-text-editor\" data-id=\"cc928fa\" data-element_type=\"widget\" data-e-type=\"widget\" data-settings=\"{&quot;ekit_we_effect_on&quot;:&quot;none&quot;}\" data-widget_type=\"text-editor.default\">\n\t\t\t\t<div class=\"elementor-widget-container\">\n\t\t\t\t\t\t\t\t\t<p><strong>Niagara Regional Housing<\/strong><br \/>Campbell East<br \/>1815 Sir Isaac Brock Way<br \/>(dawniej 2201 St. David's Road)<br \/>PO Box 344<br \/>Thorold, ON L2V 3Z3<\/p>\t\t\t\t\t\t\t\t<\/div>\n\t\t\t\t<\/div>\n\t\t\t\t<\/div>\n\t\t<div class=\"elementor-element elementor-element-8e0a8ab e-con-full e-flex e-con e-child\" data-id=\"8e0a8ab\" data-element_type=\"container\" data-e-type=\"container\">\n\t\t\t\t<div class=\"elementor-element elementor-element-15c6c6d elementor-widget elementor-widget-text-editor\" data-id=\"15c6c6d\" data-element_type=\"widget\" data-e-type=\"widget\" data-settings=\"{&quot;ekit_we_effect_on&quot;:&quot;none&quot;}\" data-widget_type=\"text-editor.default\">\n\t\t\t\t<div class=\"elementor-widget-container\">\n\t\t\t\t\t\t\t\t\t<p><strong>Informacje kontaktowe<\/strong><\/p><p><a href=\"tel:905-682-9201\">905-682-9201<\/a><br \/>Bezp\u0142atnie: <a href=\"tel:1-800-232-3292\">1-800-232-3292<\/a> <br \/>(tylko z Grimsby i spoza regionu Niagara)<br \/>Fax: 905-682-8301<\/p>\t\t\t\t\t\t\t\t<\/div>\n\t\t\t\t<\/div>\n\t\t\t\t<\/div>\n\t\t\t\t\t<\/div>\n\t\t\t\t<\/div>\n\t\t<div class=\"elementor-element elementor-element-4be59b1 e-flex e-con-boxed e-con e-parent\" data-id=\"4be59b1\" data-element_type=\"container\" data-e-type=\"container\">\n\t\t\t\t\t<div class=\"e-con-inner\">\n\t\t\t\t<div class=\"elementor-element elementor-element-b0dbca5 elementor-widget elementor-widget-text-editor\" data-id=\"b0dbca5\" data-element_type=\"widget\" data-e-type=\"widget\" data-settings=\"{&quot;ekit_we_effect_on&quot;:&quot;none&quot;}\" data-widget_type=\"text-editor.default\">\n\t\t\t\t<div class=\"elementor-widget-container\">\n\t\t\t\t\t\t\t\t\t<p>Poni\u017cej znajd\u0105 Pa\u0144stwo informacje dotycz\u0105ce procesu ubiegania si\u0119 o dom w Niagara Regional Housing - NRH.ca.<\/p>\t\t\t\t\t\t\t\t<\/div>\n\t\t\t\t<\/div>\n\t\t\t\t\t<\/div>\n\t\t\t\t<\/div>\n\t\t<div class=\"elementor-element elementor-element-1b8be9f e-flex e-con-boxed e-con e-parent\" data-id=\"1b8be9f\" data-element_type=\"container\" data-e-type=\"container\">\n\t\t\t\t\t<div class=\"e-con-inner\">\n\t\t\t\t<div class=\"elementor-element elementor-element-66f198c elementor-widget elementor-widget-heading\" data-id=\"66f198c\" data-element_type=\"widget\" data-e-type=\"widget\" data-settings=\"{&quot;ekit_we_effect_on&quot;:&quot;none&quot;}\" data-widget_type=\"heading.default\">\n\t\t\t\t<div class=\"elementor-widget-container\">\n\t\t\t\t\t<h2 class=\"elementor-heading-title elementor-size-default\">Informacje dla os\u00f3b ubiegaj\u0105cych si\u0119 o mieszkanie<\/h2>\t\t\t\t<\/div>\n\t\t\t\t<\/div>\n\t\t\t\t\t<\/div>\n\t\t\t\t<\/div>\n\t\t<div class=\"elementor-element elementor-element-4ad2d1c e-flex e-con-boxed e-con e-parent\" data-id=\"4ad2d1c\" data-element_type=\"container\" data-e-type=\"container\">\n\t\t\t\t\t<div class=\"e-con-inner\">\n\t\t\t\t<div class=\"elementor-element elementor-element-dfceb40 elementor-widget elementor-widget-text-editor\" data-id=\"dfceb40\" data-element_type=\"widget\" data-e-type=\"widget\" data-settings=\"{&quot;ekit_we_effect_on&quot;:&quot;none&quot;}\" data-widget_type=\"text-editor.default\">\n\t\t\t\t<div class=\"elementor-widget-container\">\n\t\t\t\t\t\t\t\t\t<p>Housing Access rozpatruje wnioski o mieszkanie i prowadzi scentralizowan\u0105 list\u0119 oczekuj\u0105cych na subsydiowane mieszkania dla dostawc\u00f3w mieszka\u0144 socjalnych w Niagarze. Oto najwa\u017cniejsze punkty:<\/p><ol><li><strong>Dost\u0119p do mieszka\u0144<\/strong>:<ul><li>Czy\u00a0<strong>nie wynajmuj\u0105cy<\/strong>.<\/li><li>Czy\u00a0<strong>nie oferowa\u0107 mieszka\u0144<\/strong>\u00a0bezpo\u015brednio do wnioskodawc\u00f3w.<\/li><li><strong>Nie mo\u017cna przewidzie\u0107 ani odgadn\u0105\u0107<\/strong>\u00a0kiedy zostanie Pan\/Pani zakwaterowany\/a.<\/li><\/ul><\/li><li><strong>Po wype\u0142nieniu wniosku o zakwaterowanie<\/strong>:<ul><li>Po otrzymaniu Pa\u0144stwa zg\u0142oszenia skontaktujemy si\u0119 z Pa\u0144stwem w ci\u0105gu\u00a0<strong>siedem dni roboczych<\/strong>\u00a0aby poinformowa\u0107 Pa\u0144stwa, czy jest kompletny, czy nie.<\/li><li>Je\u015bli Pa\u0144stwa aplikacja jest\u00a0<strong>niekompletny<\/strong>W pi\u015bmie okre\u015bli Pan brakuj\u0105ce informacje. Maj\u0105 Pa\u0144stwo\u00a0<strong>30 dni<\/strong>\u00a0prosz\u0119 poda\u0107 niezb\u0119dne dane; w przeciwnym razie Pa\u0144stwa wniosek zostanie anulowany.<\/li><li>Je\u015bli Pa\u0144stwa aplikacja jest\u00a0<strong>kompletny<\/strong>List potwierdzi, \u017ce Pana\/Pani wniosek znajduje si\u0119 na scentralizowanej li\u015bcie oczekuj\u0105cych. B\u0119dzie r\u00f3wnie\u017c zawiera\u0107 list\u0119 wybranych przez Pana\/Pani\u0105 spo\u0142eczno\u015bci. Prosz\u0119 zauwa\u017cy\u0107, \u017ce je\u015bli wybra\u0142(a) Pan(i) spo\u0142eczno\u015bci, do kt\u00f3rych si\u0119 Pan(i) nie kwalifikuje, otrzyma Pan(i)\u00a0<strong>nie zostanie umieszczony na tych listach oczekuj\u0105cych<\/strong>.<\/li><\/ul><\/li><li><strong>Oferta mieszkaniowa<\/strong>:<ul><li>Kiedy mieszkanie staje si\u0119 dost\u0119pne, kontaktujemy si\u0119 z\u00a0<strong>pierwszy wnioskodawca<\/strong>\u00a0na szczycie listy oczekuj\u0105cych.<\/li><li>Je\u015bli pierwszy wnioskodawca odm\u00f3wi lub nie mo\u017cna si\u0119 z nim skontaktowa\u0107, w\u00f3wczas\u00a0<strong>nast\u0119pny wnioskodawca<\/strong>\u00a0z listy otrzyma urz\u0105dzenie.<\/li><li>Mog\u0105 Pa\u0144stwo\u00a0<strong>jedna oferta mieszkaniowa<\/strong>. Je\u015bli Pan\/Pani odm\u00f3wi, Pana\/Pani nazwisko zostanie usuni\u0119te z listy oczekuj\u0105cych i konieczne b\u0119dzie ponowne z\u0142o\u017cenie wniosku (zaczynaj\u0105c od do\u0142u listy).<\/li><li><strong>Prosz\u0119 poda\u0107 numer telefonu w ci\u0105gu dnia<\/strong>\u00a0aby\u015bmy mogli szybko skontaktowa\u0107 si\u0119 z Panem\/Pani\u0105, gdy jednostka b\u0119dzie dost\u0119pna. Je\u015bli nie mo\u017cemy skontaktowa\u0107 si\u0119 z Panem\/Pani\u0105 w ci\u0105gu dnia, prosz\u0119 poda\u0107 numer telefonu zast\u0119pczej osoby kontaktowej.<\/li><\/ul><\/li><li><strong>Kroki sk\u0142adania wniosku o zakwaterowanie<\/strong>:<ul><li><strong>Krok 1<\/strong>: Przed rozpocz\u0119ciem sk\u0142adania wniosku prosz\u0119 zapisa\u0107 wybrane przez siebie zakwaterowanie.<\/li><li><strong>Krok 2<\/strong>: Prosz\u0119 rozpocz\u0105\u0107 sk\u0142adanie wniosku o zakwaterowanie online. Proces ten trwa co najmniej\u00a0<strong>30 minut<\/strong>.<ul><li>Po uruchomieniu aplikacji nale\u017cy j\u0105 uko\u0144czy\u0107; nie ma opcji zapisania i powrotu p\u00f3\u017aniej.<\/li><li><strong>Wszyscy kandydaci w wieku co najmniej 16 lat<\/strong>\u00a0Osoby wymienione we wniosku musz\u0105 go podpisa\u0107. Prosz\u0119 upewni\u0107 si\u0119, \u017ce wszyscy s\u0105 dost\u0119pni do z\u0142o\u017cenia podpisu.<\/li><\/ul><\/li><li><strong>Krok 3<\/strong>: Po z\u0142o\u017ceniu wniosku prosz\u0119 post\u0119powa\u0107 zgodnie z instrukcjami, aby wys\u0142a\u0107 dokumentacj\u0119 uzupe\u0142niaj\u0105c\u0105.<\/li><\/ul><\/li><li><strong>Kryteria kwalifikacji<\/strong>:<ul><li>Aby ubiega\u0107 si\u0119 o mieszkanie, wnioskodawcy musz\u0105<ul><li><strong>Prosz\u0119 zadeklarowa\u0107 wszystkie dochody gospodarstwa domowego<\/strong>.<\/li><li><strong>Nie zalega z czynszem lub innymi op\u0142atami<\/strong>\u00a0do by\u0142ego dostawcy mieszka\u0144 komunalnych.<\/li><li>Potrafi\u0107\u00a0<strong>\u017cy\u0107 niezale\u017cnie<\/strong>z us\u0142ugami wsparcia lub bez nich.<\/li><li>Posiada\u0107 co najmniej\u00a0<strong>jeden cz\u0142onek gospodarstwa domowego w wieku co najmniej 16 lat<\/strong>.<\/li><\/ul><\/li><li>Wszyscy cz\u0142onkowie gospodarstwa domowego musz\u0105:<ul><li>By\u0107\u00a0<strong>Obywatele Kanady<\/strong>,\u00a0<strong>stali mieszka\u0144cy Kanady<\/strong>lub\u00a0<strong>osoby ubiegaj\u0105ce si\u0119 o status uchod\u017acy<\/strong>.<\/li><li><strong>Nie zosta\u0142 skazany<\/strong>\u00a0pope\u0142nienia przest\u0119pstwa zwi\u0105zanego z pomoc\u0105 w zakresie dop\u0142at do czynszu w ci\u0105gu ostatnich dw\u00f3ch lat.<\/li><li><strong>Nie posiadaj\u0105 nakazu deportacji<\/strong>\u00a0zgodnie z ustaw\u0105 o imigracji i ochronie uchod\u017ac\u00f3w, aby opu\u015bci\u0107 Kanad\u0119.<\/li><\/ul><\/li><\/ul><\/li><li><strong>Lista kontrolna dokument\u00f3w<\/strong>:<ul><li>Prosz\u0119 za\u0142\u0105czy\u0107 do wniosku nast\u0119puj\u0105ce dokumenty (prosz\u0119 nie przesy\u0142a\u0107 orygina\u0142\u00f3w dokument\u00f3w):<ul><li><strong>Dow\u00f3d statusu w Kanadzie<\/strong>:<ul><li>Kanadyjski akt urodzenia.<\/li><li>Dokument potwierdzaj\u0105cy obywatelstwo kanadyjskie (formularz papierowy 8,5 x 11, obie strony).<\/li><li>Karta sta\u0142ego pobytu (obie strony).<\/li><li>Dow\u00f3d z\u0142o\u017cenia wniosku o status sta\u0142ego rezydenta.<\/li><li>Zapis l\u0105dowania.<\/li><li>Konwencja dotycz\u0105ca dokumentacji uchod\u017ac\u00f3w.<\/li><li>Formularz wniosku o status uchod\u017acy.<\/li><li>Wa\u017cny paszport kanadyjski.<\/li><\/ul><\/li><li><strong>Dow\u00f3d dochodu<\/strong>\u00a0dla ka\u017cdego cz\u0142onka gospodarstwa domowego w wieku co najmniej 16 lat:<ul><li>Dow\u00f3d wszystkich \u017ar\u00f3de\u0142 dochodu i ich wysoko\u015bci.<\/li><li>Dow\u00f3d ucz\u0119szczania do szko\u0142y w pe\u0142nym wymiarze godzin (je\u015bli ucz\u0119szcza do szko\u0142y).<\/li><\/ul><\/li><\/ul><\/li><\/ul><\/li><\/ol>\t\t\t\t\t\t\t\t<\/div>\n\t\t\t\t<\/div>\n\t\t\t\t<div class=\"elementor-element elementor-element-5a56cd1 elementor-align-center elementor-widget elementor-widget-button\" data-id=\"5a56cd1\" data-element_type=\"widget\" data-e-type=\"widget\" data-settings=\"{&quot;ekit_we_effect_on&quot;:&quot;none&quot;}\" data-widget_type=\"button.default\">\n\t\t\t\t<div class=\"elementor-widget-container\">\n\t\t\t\t\t\t\t\t\t<div class=\"elementor-button-wrapper\">\n\t\t\t\t\t<a class=\"elementor-button elementor-button-link elementor-size-sm\" href=\"https:\/\/niagararegion.ca\/housing-homelessness\/affordable-housing\/application.aspx\" target=\"_blank\">\n\t\t\t\t\t\t<span class=\"elementor-button-content-wrapper\">\n\t\t\t\t\t\t\t\t\t<span class=\"elementor-button-text\">Aplikuj teraz<\/span>\n\t\t\t\t\t<\/span>\n\t\t\t\t\t<\/a>\n\t\t\t\t<\/div>\n\t\t\t\t\t\t\t\t<\/div>\n\t\t\t\t<\/div>\n\t\t\t\t\t<\/div>\n\t\t\t\t<\/div>\n\t\t\t\t<\/div>","protected":false},"excerpt":{"rendered":"<p>How to Apply Niagara Regional HousingCampbell East1815 Sir Isaac Brock Way(formerly 2201 St. David&#8217;s Road)PO Box 344Thorold, ON L2V 3Z3 Contact Information 905-682-9201Toll-free: 1-800-232-3292 (from Grimsby and beyond Niagara region only)Fax: 905-682-8301 Below is information regarding the process to apply for house with Niagara Regional Housing &#8211; NRH.ca Information for Housing Applicants Housing Access processes [&hellip;]<\/p>\n","protected":false},"author":1,"featured_media":0,"parent":0,"menu_order":0,"comment_status":"closed","ping_status":"closed","template":"","meta":{"footnotes":""},"class_list":["post-423","page","type-page","status-publish","hentry"],"yoast_head":"<!-- This site is optimized with the Yoast SEO plugin v27.5 - https:\/\/yoast.com\/product\/yoast-seo-wordpress\/ -->\n<title>How to Apply - Paderewski Society Home<\/title>\n<meta name=\"robots\" content=\"index, follow, max-snippet:-1, max-image-preview:large, max-video-preview:-1\" \/>\n<link rel=\"canonical\" href=\"https:\/\/www.paderewskihome.ca\/pl\/how-to-apply\/\" \/>\n<meta property=\"og:locale\" content=\"pl_PL\" \/>\n<meta property=\"og:type\" content=\"article\" \/>\n<meta property=\"og:title\" content=\"How to Apply - Paderewski Society Home\" \/>\n<meta property=\"og:description\" content=\"How to Apply Niagara Regional HousingCampbell East1815 Sir Isaac Brock Way(formerly 2201 St. David&#8217;s Road)PO Box 344Thorold, ON L2V 3Z3 Contact Information 905-682-9201Toll-free: 1-800-232-3292 (from Grimsby and beyond Niagara region only)Fax: 905-682-8301 Below is information regarding the process to apply for house with Niagara Regional Housing &#8211; NRH.ca Information for Housing Applicants Housing Access processes [&hellip;]\" \/>\n<meta property=\"og:url\" content=\"https:\/\/www.paderewskihome.ca\/pl\/how-to-apply\/\" \/>\n<meta property=\"og:site_name\" content=\"Paderewski Society Home\" \/>\n<meta property=\"article:modified_time\" content=\"2024-11-20T21:01:15+00:00\" \/>\n<meta name=\"twitter:card\" content=\"summary_large_image\" \/>\n<meta name=\"twitter:label1\" content=\"Szacowany czas czytania\" \/>\n\t<meta name=\"twitter:data1\" content=\"3 minuty\" \/>\n<script type=\"application\/ld+json\" class=\"yoast-schema-graph\">{\"@context\":\"https:\\\/\\\/schema.org\",\"@graph\":[{\"@type\":\"WebPage\",\"@id\":\"https:\\\/\\\/www.paderewskihome.ca\\\/how-to-apply\\\/\",\"url\":\"https:\\\/\\\/www.paderewskihome.ca\\\/how-to-apply\\\/\",\"name\":\"How to Apply - Paderewski Society Home\",\"isPartOf\":{\"@id\":\"https:\\\/\\\/www.paderewskihome.ca\\\/#website\"},\"datePublished\":\"2024-05-24T14:19:54+00:00\",\"dateModified\":\"2024-11-20T21:01:15+00:00\",\"breadcrumb\":{\"@id\":\"https:\\\/\\\/www.paderewskihome.ca\\\/how-to-apply\\\/#breadcrumb\"},\"inLanguage\":\"pl-PL\",\"potentialAction\":[{\"@type\":\"ReadAction\",\"target\":[\"https:\\\/\\\/www.paderewskihome.ca\\\/how-to-apply\\\/\"]}]},{\"@type\":\"BreadcrumbList\",\"@id\":\"https:\\\/\\\/www.paderewskihome.ca\\\/how-to-apply\\\/#breadcrumb\",\"itemListElement\":[{\"@type\":\"ListItem\",\"position\":1,\"name\":\"Home\",\"item\":\"https:\\\/\\\/www.paderewskihome.ca\\\/\"},{\"@type\":\"ListItem\",\"position\":2,\"name\":\"How to Apply\"}]},{\"@type\":\"WebSite\",\"@id\":\"https:\\\/\\\/www.paderewskihome.ca\\\/#website\",\"url\":\"https:\\\/\\\/www.paderewskihome.ca\\\/\",\"name\":\"Paderewski Society Home\",\"description\":\"Paderewski Society Home\",\"publisher\":{\"@id\":\"https:\\\/\\\/www.paderewskihome.ca\\\/#organization\"},\"potentialAction\":[{\"@type\":\"SearchAction\",\"target\":{\"@type\":\"EntryPoint\",\"urlTemplate\":\"https:\\\/\\\/www.paderewskihome.ca\\\/?s={search_term_string}\"},\"query-input\":{\"@type\":\"PropertyValueSpecification\",\"valueRequired\":true,\"valueName\":\"search_term_string\"}}],\"inLanguage\":\"pl-PL\"},{\"@type\":\"Organization\",\"@id\":\"https:\\\/\\\/www.paderewskihome.ca\\\/#organization\",\"name\":\"Paderewski Society Home\",\"url\":\"https:\\\/\\\/www.paderewskihome.ca\\\/\",\"logo\":{\"@type\":\"ImageObject\",\"inLanguage\":\"pl-PL\",\"@id\":\"https:\\\/\\\/www.paderewskihome.ca\\\/#\\\/schema\\\/logo\\\/image\\\/\",\"url\":\"https:\\\/\\\/www.paderewskihome.ca\\\/wp-content\\\/uploads\\\/2024\\\/05\\\/Paderewski-Niagara-Web-2.png\",\"contentUrl\":\"https:\\\/\\\/www.paderewskihome.ca\\\/wp-content\\\/uploads\\\/2024\\\/05\\\/Paderewski-Niagara-Web-2.png\",\"width\":371,\"height\":121,\"caption\":\"Paderewski Society Home\"},\"image\":{\"@id\":\"https:\\\/\\\/www.paderewskihome.ca\\\/#\\\/schema\\\/logo\\\/image\\\/\"}}]}<\/script>\n<!-- \/ Yoast SEO plugin. -->","yoast_head_json":{"title":"How to Apply - Paderewski Society Home","robots":{"index":"index","follow":"follow","max-snippet":"max-snippet:-1","max-image-preview":"max-image-preview:large","max-video-preview":"max-video-preview:-1"},"canonical":"https:\/\/www.paderewskihome.ca\/pl\/how-to-apply\/","og_locale":"pl_PL","og_type":"article","og_title":"How to Apply - Paderewski Society Home","og_description":"How to Apply Niagara Regional HousingCampbell East1815 Sir Isaac Brock Way(formerly 2201 St. David&#8217;s Road)PO Box 344Thorold, ON L2V 3Z3 Contact Information 905-682-9201Toll-free: 1-800-232-3292 (from Grimsby and beyond Niagara region only)Fax: 905-682-8301 Below is information regarding the process to apply for house with Niagara Regional Housing &#8211; NRH.ca Information for Housing Applicants Housing Access processes [&hellip;]","og_url":"https:\/\/www.paderewskihome.ca\/pl\/how-to-apply\/","og_site_name":"Paderewski Society Home","article_modified_time":"2024-11-20T21:01:15+00:00","twitter_card":"summary_large_image","twitter_misc":{"Szacowany czas czytania":"3 minuty"},"schema":{"@context":"https:\/\/schema.org","@graph":[{"@type":"WebPage","@id":"https:\/\/www.paderewskihome.ca\/how-to-apply\/","url":"https:\/\/www.paderewskihome.ca\/how-to-apply\/","name":"How to Apply - Paderewski Society Home","isPartOf":{"@id":"https:\/\/www.paderewskihome.ca\/#website"},"datePublished":"2024-05-24T14:19:54+00:00","dateModified":"2024-11-20T21:01:15+00:00","breadcrumb":{"@id":"https:\/\/www.paderewskihome.ca\/how-to-apply\/#breadcrumb"},"inLanguage":"pl-PL","potentialAction":[{"@type":"ReadAction","target":["https:\/\/www.paderewskihome.ca\/how-to-apply\/"]}]},{"@type":"BreadcrumbList","@id":"https:\/\/www.paderewskihome.ca\/how-to-apply\/#breadcrumb","itemListElement":[{"@type":"ListItem","position":1,"name":"Home","item":"https:\/\/www.paderewskihome.ca\/"},{"@type":"ListItem","position":2,"name":"How to Apply"}]},{"@type":"WebSite","@id":"https:\/\/www.paderewskihome.ca\/#website","url":"https:\/\/www.paderewskihome.ca\/","name":"Strona g\u0142\u00f3wna Towarzystwa Paderewskiego","description":"Strona g\u0142\u00f3wna Towarzystwa Paderewskiego","publisher":{"@id":"https:\/\/www.paderewskihome.ca\/#organization"},"potentialAction":[{"@type":"SearchAction","target":{"@type":"EntryPoint","urlTemplate":"https:\/\/www.paderewskihome.ca\/?s={search_term_string}"},"query-input":{"@type":"PropertyValueSpecification","valueRequired":true,"valueName":"search_term_string"}}],"inLanguage":"pl-PL"},{"@type":"Organization","@id":"https:\/\/www.paderewskihome.ca\/#organization","name":"Strona g\u0142\u00f3wna Towarzystwa Paderewskiego","url":"https:\/\/www.paderewskihome.ca\/","logo":{"@type":"ImageObject","inLanguage":"pl-PL","@id":"https:\/\/www.paderewskihome.ca\/#\/schema\/logo\/image\/","url":"https:\/\/www.paderewskihome.ca\/wp-content\/uploads\/2024\/05\/Paderewski-Niagara-Web-2.png","contentUrl":"https:\/\/www.paderewskihome.ca\/wp-content\/uploads\/2024\/05\/Paderewski-Niagara-Web-2.png","width":371,"height":121,"caption":"Paderewski Society Home"},"image":{"@id":"https:\/\/www.paderewskihome.ca\/#\/schema\/logo\/image\/"}}]}},"_links":{"self":[{"href":"https:\/\/www.paderewskihome.ca\/pl\/wp-json\/wp\/v2\/pages\/423","targetHints":{"allow":["GET"]}}],"collection":[{"href":"https:\/\/www.paderewskihome.ca\/pl\/wp-json\/wp\/v2\/pages"}],"about":[{"href":"https:\/\/www.paderewskihome.ca\/pl\/wp-json\/wp\/v2\/types\/page"}],"author":[{"embeddable":true,"href":"https:\/\/www.paderewskihome.ca\/pl\/wp-json\/wp\/v2\/users\/1"}],"replies":[{"embeddable":true,"href":"https:\/\/www.paderewskihome.ca\/pl\/wp-json\/wp\/v2\/comments?post=423"}],"version-history":[{"count":16,"href":"https:\/\/www.paderewskihome.ca\/pl\/wp-json\/wp\/v2\/pages\/423\/revisions"}],"predecessor-version":[{"id":1007,"href":"https:\/\/www.paderewskihome.ca\/pl\/wp-json\/wp\/v2\/pages\/423\/revisions\/1007"}],"wp:attachment":[{"href":"https:\/\/www.paderewskihome.ca\/pl\/wp-json\/wp\/v2\/media?parent=423"}],"curies":[{"name":"wp","href":"https:\/\/api.w.org\/{rel}","templated":true}]}}