{"id":300,"date":"2024-05-15T18:16:37","date_gmt":"2024-05-15T18:16:37","guid":{"rendered":"https:\/\/www.paderewskihome.ca\/?page_id=300"},"modified":"2024-10-28T18:33:54","modified_gmt":"2024-10-28T18:33:54","slug":"contact-us","status":"publish","type":"page","link":"https:\/\/www.paderewskihome.ca\/pl\/contact-us\/","title":{"rendered":"Kontakt"},"content":{"rendered":"\t\t<div data-elementor-type=\"wp-page\" data-elementor-id=\"300\" class=\"elementor elementor-300\" data-elementor-post-type=\"page\">\n\t\t\t\t<div class=\"elementor-element elementor-element-53bfb02 e-flex e-con-boxed e-con e-parent\" data-id=\"53bfb02\" data-element_type=\"container\" data-e-type=\"container\">\n\t\t\t\t\t<div class=\"e-con-inner\">\n\t\t\t\t<div class=\"elementor-element elementor-element-3d5bacb elementor-widget elementor-widget-heading\" data-id=\"3d5bacb\" data-element_type=\"widget\" data-e-type=\"widget\" data-settings=\"{&quot;ekit_we_effect_on&quot;:&quot;none&quot;}\" data-widget_type=\"heading.default\">\n\t\t\t\t<div class=\"elementor-widget-container\">\n\t\t\t\t\t<h2 class=\"elementor-heading-title elementor-size-default\">Contact Us<\/h2>\t\t\t\t<\/div>\n\t\t\t\t<\/div>\n\t\t\t\t\t<\/div>\n\t\t\t\t<\/div>\n\t\t<div class=\"elementor-element elementor-element-17ba7e4 e-flex e-con-boxed e-con e-parent\" data-id=\"17ba7e4\" data-element_type=\"container\" data-e-type=\"container\">\n\t\t\t\t\t<div class=\"e-con-inner\">\n\t\t<div class=\"elementor-element elementor-element-8e9dcb9 e-con-full e-flex e-con e-child\" data-id=\"8e9dcb9\" data-element_type=\"container\" data-e-type=\"container\">\n\t\t\t\t<div class=\"elementor-element elementor-element-d06cc21 elementor-widget elementor-widget-heading\" data-id=\"d06cc21\" data-element_type=\"widget\" data-e-type=\"widget\" data-settings=\"{&quot;ekit_we_effect_on&quot;:&quot;none&quot;}\" data-widget_type=\"heading.default\">\n\t\t\t\t<div class=\"elementor-widget-container\">\n\t\t\t\t\t<h3 class=\"elementor-heading-title elementor-size-default\">Paderewski Society Home<\/h3>\t\t\t\t<\/div>\n\t\t\t\t<\/div>\n\t\t\t\t<div class=\"elementor-element elementor-element-15de4f9 elementor-widget elementor-widget-text-editor\" data-id=\"15de4f9\" data-element_type=\"widget\" data-e-type=\"widget\" data-settings=\"{&quot;ekit_we_effect_on&quot;:&quot;none&quot;}\" data-widget_type=\"text-editor.default\">\n\t\t\t\t<div class=\"elementor-widget-container\">\n\t\t\t\t\t\t\t\t\t<p>Phone: <a href=\"tel:905-934-5050\">905-934-5050<\/a><\/p><p>Address: 4 Greenmeadow Crescent, St. Catharines<\/p><p>Email: <a href=\"mailto:paderewskihome@gmail.com\">paderewskihome@gmail.com<\/a><\/p><p>Hours: Mon, Wed &amp; Thurs: 9am &#8211; 2pm\u00a0<\/p>\t\t\t\t\t\t\t\t<\/div>\n\t\t\t\t<\/div>\n\t\t\t\t<div class=\"elementor-element elementor-element-489ef10 elementor-widget elementor-widget-spacer\" data-id=\"489ef10\" data-element_type=\"widget\" data-e-type=\"widget\" data-settings=\"{&quot;ekit_we_effect_on&quot;:&quot;none&quot;}\" data-widget_type=\"spacer.default\">\n\t\t\t\t<div class=\"elementor-widget-container\">\n\t\t\t\t\t\t\t<div class=\"elementor-spacer\">\n\t\t\t<div class=\"elementor-spacer-inner\"><\/div>\n\t\t<\/div>\n\t\t\t\t\t\t<\/div>\n\t\t\t\t<\/div>\n\t\t\t\t<div class=\"elementor-element elementor-element-f3cd140 elementor-widget elementor-widget-google_maps\" data-id=\"f3cd140\" data-element_type=\"widget\" data-e-type=\"widget\" data-settings=\"{&quot;ekit_we_effect_on&quot;:&quot;none&quot;}\" data-widget_type=\"google_maps.default\">\n\t\t\t\t<div class=\"elementor-widget-container\">\n\t\t\t\t\t\t\t<div class=\"elementor-custom-embed\">\n\t\t\t<iframe loading=\"lazy\"\n\t\t\t\t\tsrc=\"https:\/\/maps.google.com\/maps?q=Paderewski%20Scoiety%20Home%2C%204%20Greenmeadow%20Crescent%2C%20St.%20Catharines&#038;t=m&#038;z=12&#038;output=embed&#038;iwloc=near\"\n\t\t\t\t\ttitle=\"Paderewski Scoiety Home, 4 Greenmeadow Crescent, St. Catharines\"\n\t\t\t\t\taria-label=\"Paderewski Scoiety Home, 4 Greenmeadow Crescent, St. Catharines\"\n\t\t\t><\/iframe>\n\t\t<\/div>\n\t\t\t\t\t\t<\/div>\n\t\t\t\t<\/div>\n\t\t\t\t<\/div>\n\t\t<div class=\"elementor-element elementor-element-919341d e-con-full e-flex e-con e-child\" data-id=\"919341d\" data-element_type=\"container\" data-e-type=\"container\">\n\t\t\t\t<div class=\"elementor-element elementor-element-e28a3bf elementor-widget elementor-widget-wp-widget-weforms_widget\" data-id=\"e28a3bf\" data-element_type=\"widget\" data-e-type=\"widget\" data-settings=\"{&quot;ekit_we_effect_on&quot;:&quot;none&quot;}\" data-widget_type=\"wp-widget-weforms_widget.default\">\n\t\t\t\t<div class=\"elementor-widget-container\">\n\t\t\t\t\t<h5>Contact Us<\/h5>\r\n        \r\n\r\n                <form class=\"wpuf-form-add weforms-305  wpuf-theme-style\" action=\"\" method=\"post\"   id=\"\">\r\n\r\n            <ul class=\"wpuf-form form-label-above\">\r\n\r\n                        <li class=\"wpuf-el name field-size-large\" data-label=\"Name\">\r\n                    <div class=\"wpuf-label\">\r\n            <label for=\"name_305\">Name <span class=\"required\">*<\/span><\/label>\r\n        <\/div>\r\n        \r\n            <div class=\"wpuf-fields\">\r\n                <div class=\"wpuf-name-field-wrap format-first-last\" data-style=\"wpuf-theme-style\">\r\n                    <div class=\"wpuf-name-field-first-name\">\r\n                        <input\r\n                            name=\"name[first]\"\r\n                            type=\"text\"\r\n                            placeholder=\"\"\r\n                            value=\"\"\r\n                            size=\"40\"\r\n                            data-required=\"yes\"\r\n                            data-type=\"text\"\r\n                            data-style=\"wpuf-theme-style\"\r\n                            class=\"textfield wpuf_name_305\"\r\n                            autocomplete=\"given-name\"\r\n                        >\r\n                                                    <label class=\"wpuf-form-sub-label\" data-style=\"wpuf-theme-style\">First<\/label>\r\n                                            <\/div>\r\n\r\n                                            <input type=\"hidden\" name=\"name[middle]\" value=\"\">\r\n                    \r\n                    <div class=\"wpuf-name-field-last-name\">\r\n                        <input\r\n                            name=\"name[last]\"\r\n                            type=\"text\" class=\"textfield\"\r\n                            placeholder=\"\"\r\n                            value=\"\"\r\n                            size=\"40\"\r\n                            autocomplete=\"family-name\"\r\n                            data-style=\"wpuf-theme-style\"\r\n                        >\r\n                                                    <label class=\"wpuf-form-sub-label\" data-style=\"wpuf-theme-style\">Last<\/label>\r\n                                            <\/div>\r\n                <\/div>\r\n                            <\/div>\r\n        <\/li>\r\n                <li class=\"wpuf-el email field-size-large\" data-label=\"Email Address\">\r\n                    <div class=\"wpuf-label\">\r\n            <label for=\"email_305\">Email Address <span class=\"required\">*<\/span><\/label>\r\n        <\/div>\r\n        \r\n            <div class=\"wpuf-fields\">\r\n                <input\r\n                    id=\"email_305\"\r\n                    type=\"email\"\r\n                    class=\"email  wpuf_email_305\"\r\n                    data-duplicate=\"\"\r\n                    data-required=\"yes\"\r\n                    data-type=\"email\"\r\n                    data-style=\"wpuf-theme-style\"\r\n                    name=\"email\"\r\n                    placeholder=\"\"\r\n                    value=\"\"\r\n                    size=\"40\"\r\n                    autocomplete=\"email\"\r\n                \/>\r\n                            <\/div>\r\n        <\/li>\r\n                <li class=\"wpuf-el message field-size-large\" data-label=\"Message\">\r\n                    <div class=\"wpuf-label\">\r\n            <label for=\"message_305\">Message <span class=\"required\">*<\/span><\/label>\r\n        <\/div>\r\n                                    <div class=\"wpuf-fields\">\r\n            \r\n                                    <textarea\r\n                        class=\"textareafield  wpuf_message_305\"\r\n                        id=\"message_305\"\r\n                        name=\"message\"\r\n                        data-required=\"yes\"\r\n                        data-type=\"textarea\"\r\n                        placeholder=\"\"\r\n                        rows=\"5\"\r\n                        cols=\"25\"\r\n                        data-style=\"wpuf-theme-style\"\r\n                    ><\/textarea>\r\n                    <span class=\"wpuf-wordlimit-message wpuf-help\"><\/span>\r\n\r\n                \r\n                        <\/div><\/li>\r\n                    <li class=\"wpuf-el recaptcha\" data-label=\"Please Verify\" >\r\n                            <li class=\"wpuf-el recaptcha\" data-label=\"Please Verify\" >\r\n                    <div class=\"wpuf-fields  wpuf_recaptcha_305\" data-style=\"wpuf-style\">\r\n                        <input type=\"hidden\" name=\"g-recaptcha-response\" id=\"g-recaptcha-response\">\r\n                        <input type=\"hidden\" name=\"g-action\" id=\"g-action\">\r\n                        <script src=\"https:\/\/www.google.com\/recaptcha\/api.js?render=6LfdE3YqAAAAAMe6L2RQNYp3nX5xzJ_Knxyrg5jo\"> <\/script>\r\n                        <script>\r\n                            grecaptcha.ready(function() {\r\n                                  grecaptcha.execute('6LfdE3YqAAAAAMe6L2RQNYp3nX5xzJ_Knxyrg5jo', {action: 'captcha_validation'}).then( function( token ) {\r\n                                    document.getElementById('g-recaptcha-response').value = token;\r\n                                    document.getElementById('g-action').value = 'captcha_validation';\r\n\r\n                                  });\r\n                                setInterval(function () {\r\n                                    grecaptcha.execute('6LfdE3YqAAAAAMe6L2RQNYp3nX5xzJ_Knxyrg5jo', {action: 'captcha_validation'}).then( function( token ) {\r\n                                        document.getElementById('g-recaptcha-response').value = token;\r\n                                        document.getElementById('g-action').value = 'captcha_validation';\r\n                                    });\r\n                                }, 60000);\r\n                            });\r\n                        <\/script>\r\n                    <\/div>\r\n                <\/li>\r\n                <li class=\"wpuf-submit\">\r\n            <div class=\"wpuf-label\">\r\n                &nbsp;\r\n            <\/div>\r\n\r\n            <input type=\"hidden\" id=\"_wpnonce\" name=\"_wpnonce\" value=\"030744c029\" \/><input type=\"hidden\" name=\"_wp_http_referer\" value=\"\/pl\/wp-json\/wp\/v2\/pages\/300\" \/>\r\n            <input type=\"hidden\" name=\"form_id\" value=\"305\">\r\n            <input type=\"hidden\" name=\"page_id\" value=\"300\">\r\n            <input type=\"hidden\" name=\"action\" value=\"weforms_frontend_submit\">\r\n\r\n                            <input type=\"hidden\" name=\"weforms-front-report\" value=\"no\">\r\n            \r\n            \r\n                            <input type=\"submit\" class=\"button button-primary wpuf_submit_305\" name=\"submit\" value=\"Submit\" \/>\r\n                    <\/li>\r\n                <\/ul>\r\n\r\n        <\/form>\r\n                \t\t\t\t<\/div>\n\t\t\t\t<\/div>\n\t\t\t\t<\/div>\n\t\t\t\t\t<\/div>\n\t\t\t\t<\/div>\n\t\t\t\t<\/div>\n\t\t","protected":false},"excerpt":{"rendered":"<p>Kontakt z nami Towarzystwo Paderewskiego Telefon domowy: 905-934-5050 Adres: 4 Greenmeadow Crescent, St. Catharines Email: paderewskihome@gmail.com Godziny pracy: Poniedzia\u0142ek, \u015broda i czwartek: 9am - 2pm\u00a0<\/p>","protected":false},"author":1,"featured_media":0,"parent":0,"menu_order":0,"comment_status":"closed","ping_status":"closed","template":"elementor_header_footer","meta":{"footnotes":""},"class_list":["post-300","page","type-page","status-publish","hentry"],"yoast_head":"<!-- This site is optimized with the Yoast SEO plugin v27.5 - https:\/\/yoast.com\/product\/yoast-seo-wordpress\/ -->\n<title>Contact Us - Paderewski Society Home<\/title>\n<meta name=\"robots\" content=\"index, follow, max-snippet:-1, max-image-preview:large, max-video-preview:-1\" \/>\n<link rel=\"canonical\" href=\"https:\/\/www.paderewskihome.ca\/pl\/contact-us\/\" \/>\n<meta property=\"og:locale\" content=\"pl_PL\" \/>\n<meta property=\"og:type\" content=\"article\" \/>\n<meta property=\"og:title\" content=\"Contact Us - Paderewski Society Home\" \/>\n<meta property=\"og:description\" content=\"Contact Us Paderewski Society Home Phone: 905-934-5050 Address: 4 Greenmeadow Crescent, St. Catharines Email: paderewskihome@gmail.com Hours: Mon, Wed &amp; Thurs: 9am &#8211; 2pm\u00a0\" \/>\n<meta property=\"og:url\" content=\"https:\/\/www.paderewskihome.ca\/pl\/contact-us\/\" \/>\n<meta property=\"og:site_name\" content=\"Paderewski Society Home\" \/>\n<meta property=\"article:modified_time\" content=\"2024-10-28T18:33:54+00:00\" \/>\n<meta name=\"twitter:card\" content=\"summary_large_image\" \/>\n<script type=\"application\/ld+json\" class=\"yoast-schema-graph\">{\"@context\":\"https:\\\/\\\/schema.org\",\"@graph\":[{\"@type\":\"WebPage\",\"@id\":\"https:\\\/\\\/www.paderewskihome.ca\\\/contact-us\\\/\",\"url\":\"https:\\\/\\\/www.paderewskihome.ca\\\/contact-us\\\/\",\"name\":\"Contact Us - Paderewski Society Home\",\"isPartOf\":{\"@id\":\"https:\\\/\\\/www.paderewskihome.ca\\\/#website\"},\"datePublished\":\"2024-05-15T18:16:37+00:00\",\"dateModified\":\"2024-10-28T18:33:54+00:00\",\"breadcrumb\":{\"@id\":\"https:\\\/\\\/www.paderewskihome.ca\\\/contact-us\\\/#breadcrumb\"},\"inLanguage\":\"pl-PL\",\"potentialAction\":[{\"@type\":\"ReadAction\",\"target\":[\"https:\\\/\\\/www.paderewskihome.ca\\\/contact-us\\\/\"]}]},{\"@type\":\"BreadcrumbList\",\"@id\":\"https:\\\/\\\/www.paderewskihome.ca\\\/contact-us\\\/#breadcrumb\",\"itemListElement\":[{\"@type\":\"ListItem\",\"position\":1,\"name\":\"Home\",\"item\":\"https:\\\/\\\/www.paderewskihome.ca\\\/\"},{\"@type\":\"ListItem\",\"position\":2,\"name\":\"Contact Us\"}]},{\"@type\":\"WebSite\",\"@id\":\"https:\\\/\\\/www.paderewskihome.ca\\\/#website\",\"url\":\"https:\\\/\\\/www.paderewskihome.ca\\\/\",\"name\":\"Paderewski Society Home\",\"description\":\"Paderewski Society Home\",\"publisher\":{\"@id\":\"https:\\\/\\\/www.paderewskihome.ca\\\/#organization\"},\"potentialAction\":[{\"@type\":\"SearchAction\",\"target\":{\"@type\":\"EntryPoint\",\"urlTemplate\":\"https:\\\/\\\/www.paderewskihome.ca\\\/?s={search_term_string}\"},\"query-input\":{\"@type\":\"PropertyValueSpecification\",\"valueRequired\":true,\"valueName\":\"search_term_string\"}}],\"inLanguage\":\"pl-PL\"},{\"@type\":\"Organization\",\"@id\":\"https:\\\/\\\/www.paderewskihome.ca\\\/#organization\",\"name\":\"Paderewski Society Home\",\"url\":\"https:\\\/\\\/www.paderewskihome.ca\\\/\",\"logo\":{\"@type\":\"ImageObject\",\"inLanguage\":\"pl-PL\",\"@id\":\"https:\\\/\\\/www.paderewskihome.ca\\\/#\\\/schema\\\/logo\\\/image\\\/\",\"url\":\"https:\\\/\\\/www.paderewskihome.ca\\\/wp-content\\\/uploads\\\/2024\\\/05\\\/Paderewski-Niagara-Web-2.png\",\"contentUrl\":\"https:\\\/\\\/www.paderewskihome.ca\\\/wp-content\\\/uploads\\\/2024\\\/05\\\/Paderewski-Niagara-Web-2.png\",\"width\":371,\"height\":121,\"caption\":\"Paderewski Society Home\"},\"image\":{\"@id\":\"https:\\\/\\\/www.paderewskihome.ca\\\/#\\\/schema\\\/logo\\\/image\\\/\"}}]}<\/script>\n<!-- \/ Yoast SEO plugin. -->","yoast_head_json":{"title":"Kontakt - Towarzystwo Paderewskiego Strona g\u0142\u00f3wna","robots":{"index":"index","follow":"follow","max-snippet":"max-snippet:-1","max-image-preview":"max-image-preview:large","max-video-preview":"max-video-preview:-1"},"canonical":"https:\/\/www.paderewskihome.ca\/pl\/contact-us\/","og_locale":"pl_PL","og_type":"article","og_title":"Contact Us - Paderewski Society Home","og_description":"Contact Us Paderewski Society Home Phone: 905-934-5050 Address: 4 Greenmeadow Crescent, St. Catharines Email: paderewskihome@gmail.com Hours: Mon, Wed &amp; Thurs: 9am &#8211; 2pm\u00a0","og_url":"https:\/\/www.paderewskihome.ca\/pl\/contact-us\/","og_site_name":"Paderewski Society Home","article_modified_time":"2024-10-28T18:33:54+00:00","twitter_card":"summary_large_image","schema":{"@context":"https:\/\/schema.org","@graph":[{"@type":"WebPage","@id":"https:\/\/www.paderewskihome.ca\/contact-us\/","url":"https:\/\/www.paderewskihome.ca\/contact-us\/","name":"Kontakt - Towarzystwo Paderewskiego Strona g\u0142\u00f3wna","isPartOf":{"@id":"https:\/\/www.paderewskihome.ca\/#website"},"datePublished":"2024-05-15T18:16:37+00:00","dateModified":"2024-10-28T18:33:54+00:00","breadcrumb":{"@id":"https:\/\/www.paderewskihome.ca\/contact-us\/#breadcrumb"},"inLanguage":"pl-PL","potentialAction":[{"@type":"ReadAction","target":["https:\/\/www.paderewskihome.ca\/contact-us\/"]}]},{"@type":"BreadcrumbList","@id":"https:\/\/www.paderewskihome.ca\/contact-us\/#breadcrumb","itemListElement":[{"@type":"ListItem","position":1,"name":"Home","item":"https:\/\/www.paderewskihome.ca\/"},{"@type":"ListItem","position":2,"name":"Contact Us"}]},{"@type":"WebSite","@id":"https:\/\/www.paderewskihome.ca\/#website","url":"https:\/\/www.paderewskihome.ca\/","name":"Strona g\u0142\u00f3wna Towarzystwa Paderewskiego","description":"Strona g\u0142\u00f3wna Towarzystwa Paderewskiego","publisher":{"@id":"https:\/\/www.paderewskihome.ca\/#organization"},"potentialAction":[{"@type":"SearchAction","target":{"@type":"EntryPoint","urlTemplate":"https:\/\/www.paderewskihome.ca\/?s={search_term_string}"},"query-input":{"@type":"PropertyValueSpecification","valueRequired":true,"valueName":"search_term_string"}}],"inLanguage":"pl-PL"},{"@type":"Organization","@id":"https:\/\/www.paderewskihome.ca\/#organization","name":"Strona g\u0142\u00f3wna Towarzystwa Paderewskiego","url":"https:\/\/www.paderewskihome.ca\/","logo":{"@type":"ImageObject","inLanguage":"pl-PL","@id":"https:\/\/www.paderewskihome.ca\/#\/schema\/logo\/image\/","url":"https:\/\/www.paderewskihome.ca\/wp-content\/uploads\/2024\/05\/Paderewski-Niagara-Web-2.png","contentUrl":"https:\/\/www.paderewskihome.ca\/wp-content\/uploads\/2024\/05\/Paderewski-Niagara-Web-2.png","width":371,"height":121,"caption":"Paderewski Society Home"},"image":{"@id":"https:\/\/www.paderewskihome.ca\/#\/schema\/logo\/image\/"}}]}},"_links":{"self":[{"href":"https:\/\/www.paderewskihome.ca\/pl\/wp-json\/wp\/v2\/pages\/300","targetHints":{"allow":["GET"]}}],"collection":[{"href":"https:\/\/www.paderewskihome.ca\/pl\/wp-json\/wp\/v2\/pages"}],"about":[{"href":"https:\/\/www.paderewskihome.ca\/pl\/wp-json\/wp\/v2\/types\/page"}],"author":[{"embeddable":true,"href":"https:\/\/www.paderewskihome.ca\/pl\/wp-json\/wp\/v2\/users\/1"}],"replies":[{"embeddable":true,"href":"https:\/\/www.paderewskihome.ca\/pl\/wp-json\/wp\/v2\/comments?post=300"}],"version-history":[{"count":13,"href":"https:\/\/www.paderewskihome.ca\/pl\/wp-json\/wp\/v2\/pages\/300\/revisions"}],"predecessor-version":[{"id":967,"href":"https:\/\/www.paderewskihome.ca\/pl\/wp-json\/wp\/v2\/pages\/300\/revisions\/967"}],"wp:attachment":[{"href":"https:\/\/www.paderewskihome.ca\/pl\/wp-json\/wp\/v2\/media?parent=300"}],"curies":[{"name":"wp","href":"https:\/\/api.w.org\/{rel}","templated":true}]}}