{"id":1082,"date":"2025-08-15T15:30:30","date_gmt":"2025-08-15T15:30:30","guid":{"rendered":"https:\/\/www.paderewskihome.ca\/?page_id=1082"},"modified":"2025-08-15T15:32:17","modified_gmt":"2025-08-15T15:32:17","slug":"tenant-paint-night","status":"publish","type":"page","link":"https:\/\/www.paderewskihome.ca\/pl\/tenant-paint-night\/","title":{"rendered":"Noc malowania najemc\u00f3w"},"content":{"rendered":"<div data-elementor-type=\"wp-page\" data-elementor-id=\"1082\" class=\"elementor elementor-1082\" data-elementor-post-type=\"page\">\n\t\t\t\t<div class=\"elementor-element elementor-element-dadaa51 e-flex e-con-boxed e-con e-parent\" data-id=\"dadaa51\" data-element_type=\"container\" data-e-type=\"container\">\n\t\t\t\t\t<div class=\"e-con-inner\">\n\t\t\t\t<div class=\"elementor-element elementor-element-ee521bd elementor-widget elementor-widget-heading\" data-id=\"ee521bd\" data-element_type=\"widget\" data-e-type=\"widget\" data-settings=\"{&quot;ekit_we_effect_on&quot;:&quot;none&quot;}\" data-widget_type=\"heading.default\">\n\t\t\t\t<div class=\"elementor-widget-container\">\n\t\t\t\t\t<h2 class=\"elementor-heading-title elementor-size-default\">Noc Malowania Najemc\u00f3w<\/h2>\t\t\t\t<\/div>\n\t\t\t\t<\/div>\n\t\t\t\t\t<\/div>\n\t\t\t\t<\/div>\n\t\t<div class=\"elementor-element elementor-element-c1d7e82 e-flex e-con-boxed e-con e-parent\" data-id=\"c1d7e82\" data-element_type=\"container\" data-e-type=\"container\">\n\t\t\t\t\t<div class=\"e-con-inner\">\n\t\t\t\t<div class=\"elementor-element elementor-element-3dd7819 elementor-widget elementor-widget-image-gallery\" data-id=\"3dd7819\" data-element_type=\"widget\" data-e-type=\"widget\" data-settings=\"{&quot;ekit_we_effect_on&quot;:&quot;none&quot;}\" data-widget_type=\"image-gallery.default\">\n\t\t\t\t<div class=\"elementor-widget-container\">\n\t\t\t\t\t\t\t<div class=\"elementor-image-gallery\">\n\t\t\t<div id='gallery-1' class='gallery galleryid-1082 gallery-columns-3 gallery-size-large'><figure class='gallery-item'>\n\t\t\t<div class='gallery-icon landscape'>\n\t\t\t\t<a data-elementor-open-lightbox=\"yes\" data-elementor-lightbox-slideshow=\"3dd7819\" data-elementor-lightbox-title=\"Christmas Paint Night\" data-e-action-hash=\"#elementor-action%3Aaction%3Dlightbox%26settings%3DeyJpZCI6MTA4NCwidXJsIjoiaHR0cHM6XC9cL3d3dy5wYWRlcmV3c2tpaG9tZS5jYVwvd3AtY29udGVudFwvdXBsb2Fkc1wvMjAyNVwvMDhcL0NocmlzdG1hcy1QYWludC1OaWdodC53ZWJwIiwic2xpZGVzaG93IjoiM2RkNzgxOSJ9\" href='https:\/\/www.paderewskihome.ca\/wp-content\/uploads\/2025\/08\/Christmas-Paint-Night.webp'><img fetchpriority=\"high\" decoding=\"async\" width=\"640\" height=\"480\" src=\"https:\/\/www.paderewskihome.ca\/wp-content\/uploads\/2025\/08\/Christmas-Paint-Night.webp\" class=\"attachment-large size-large\" alt=\"\" srcset=\"https:\/\/www.paderewskihome.ca\/wp-content\/uploads\/2025\/08\/Christmas-Paint-Night.webp 640w, https:\/\/www.paderewskihome.ca\/wp-content\/uploads\/2025\/08\/Christmas-Paint-Night-300x225.webp 300w, https:\/\/www.paderewskihome.ca\/wp-content\/uploads\/2025\/08\/Christmas-Paint-Night-16x12.webp 16w\" sizes=\"(max-width: 640px) 100vw, 640px\" \/><\/a>\n\t\t\t<\/div><\/figure><figure class='gallery-item'>\n\t\t\t<div class='gallery-icon portrait'>\n\t\t\t\t<a data-elementor-open-lightbox=\"yes\" data-elementor-lightbox-slideshow=\"3dd7819\" data-elementor-lightbox-title=\"November 2023 Paint Night\" data-e-action-hash=\"#elementor-action%3Aaction%3Dlightbox%26settings%3DeyJpZCI6MTA4NSwidXJsIjoiaHR0cHM6XC9cL3d3dy5wYWRlcmV3c2tpaG9tZS5jYVwvd3AtY29udGVudFwvdXBsb2Fkc1wvMjAyNVwvMDhcL05vdmVtYmVyLTIwMjMtUGFpbnQtTmlnaHQtLndlYnAiLCJzbGlkZXNob3ciOiIzZGQ3ODE5In0%3D\" href='https:\/\/www.paderewskihome.ca\/wp-content\/uploads\/2025\/08\/November-2023-Paint-Night-.webp'><img decoding=\"async\" width=\"511\" height=\"640\" src=\"https:\/\/www.paderewskihome.ca\/wp-content\/uploads\/2025\/08\/November-2023-Paint-Night-.webp\" class=\"attachment-large size-large\" alt=\"\" srcset=\"https:\/\/www.paderewskihome.ca\/wp-content\/uploads\/2025\/08\/November-2023-Paint-Night-.webp 511w, https:\/\/www.paderewskihome.ca\/wp-content\/uploads\/2025\/08\/November-2023-Paint-Night--240x300.webp 240w, https:\/\/www.paderewskihome.ca\/wp-content\/uploads\/2025\/08\/November-2023-Paint-Night--10x12.webp 10w\" sizes=\"(max-width: 511px) 100vw, 511px\" \/><\/a>\n\t\t\t<\/div><\/figure><figure class='gallery-item'>\n\t\t\t<div class='gallery-icon landscape'>\n\t\t\t\t<a data-elementor-open-lightbox=\"yes\" data-elementor-lightbox-slideshow=\"3dd7819\" data-elementor-lightbox-title=\"Christmas Paint Night #2\" data-e-action-hash=\"#elementor-action%3Aaction%3Dlightbox%26settings%3DeyJpZCI6MTA4NiwidXJsIjoiaHR0cHM6XC9cL3d3dy5wYWRlcmV3c2tpaG9tZS5jYVwvd3AtY29udGVudFwvdXBsb2Fkc1wvMjAyNVwvMDhcL0NocmlzdG1hcy1QYWludC1OaWdodC0yLndlYnAiLCJzbGlkZXNob3ciOiIzZGQ3ODE5In0%3D\" href='https:\/\/www.paderewskihome.ca\/wp-content\/uploads\/2025\/08\/Christmas-Paint-Night-2.webp'><img decoding=\"async\" width=\"640\" height=\"480\" src=\"https:\/\/www.paderewskihome.ca\/wp-content\/uploads\/2025\/08\/Christmas-Paint-Night-2.webp\" class=\"attachment-large size-large\" alt=\"\" srcset=\"https:\/\/www.paderewskihome.ca\/wp-content\/uploads\/2025\/08\/Christmas-Paint-Night-2.webp 640w, https:\/\/www.paderewskihome.ca\/wp-content\/uploads\/2025\/08\/Christmas-Paint-Night-2-300x225.webp 300w, https:\/\/www.paderewskihome.ca\/wp-content\/uploads\/2025\/08\/Christmas-Paint-Night-2-16x12.webp 16w\" sizes=\"(max-width: 640px) 100vw, 640px\" \/><\/a>\n\t\t\t<\/div><\/figure><figure class='gallery-item'>\n\t\t\t<div class='gallery-icon landscape'>\n\t\t\t\t<a data-elementor-open-lightbox=\"yes\" data-elementor-lightbox-slideshow=\"3dd7819\" data-elementor-lightbox-title=\"October 2023 Paint Night #5\" data-e-action-hash=\"#elementor-action%3Aaction%3Dlightbox%26settings%3DeyJpZCI6MTA4NywidXJsIjoiaHR0cHM6XC9cL3d3dy5wYWRlcmV3c2tpaG9tZS5jYVwvd3AtY29udGVudFwvdXBsb2Fkc1wvMjAyNVwvMDhcL09jdG9iZXItMjAyMy1QYWludC1OaWdodC01LndlYnAiLCJzbGlkZXNob3ciOiIzZGQ3ODE5In0%3D\" href='https:\/\/www.paderewskihome.ca\/wp-content\/uploads\/2025\/08\/October-2023-Paint-Night-5.webp'><img loading=\"lazy\" decoding=\"async\" width=\"800\" height=\"455\" src=\"https:\/\/www.paderewskihome.ca\/wp-content\/uploads\/2025\/08\/October-2023-Paint-Night-5-1024x582.webp\" class=\"attachment-large size-large\" alt=\"\" srcset=\"https:\/\/www.paderewskihome.ca\/wp-content\/uploads\/2025\/08\/October-2023-Paint-Night-5-1024x582.webp 1024w, https:\/\/www.paderewskihome.ca\/wp-content\/uploads\/2025\/08\/October-2023-Paint-Night-5-300x171.webp 300w, https:\/\/www.paderewskihome.ca\/wp-content\/uploads\/2025\/08\/October-2023-Paint-Night-5-768x437.webp 768w, https:\/\/www.paderewskihome.ca\/wp-content\/uploads\/2025\/08\/October-2023-Paint-Night-5-18x10.webp 18w, https:\/\/www.paderewskihome.ca\/wp-content\/uploads\/2025\/08\/October-2023-Paint-Night-5.webp 1333w\" sizes=\"(max-width: 800px) 100vw, 800px\" \/><\/a>\n\t\t\t<\/div><\/figure><figure class='gallery-item'>\n\t\t\t<div class='gallery-icon landscape'>\n\t\t\t\t<a data-elementor-open-lightbox=\"yes\" data-elementor-lightbox-slideshow=\"3dd7819\" data-elementor-lightbox-title=\"Screenshot\" data-e-action-hash=\"#elementor-action%3Aaction%3Dlightbox%26settings%3DeyJpZCI6MTA4OCwidXJsIjoiaHR0cHM6XC9cL3d3dy5wYWRlcmV3c2tpaG9tZS5jYVwvd3AtY29udGVudFwvdXBsb2Fkc1wvMjAyNVwvMDhcL09jdG9iZXItMTgtMjAyMy1QYWludC1OaWdodC0ud2VicCIsInNsaWRlc2hvdyI6IjNkZDc4MTkifQ%3D%3D\" href='https:\/\/www.paderewskihome.ca\/wp-content\/uploads\/2025\/08\/October-18-2023-Paint-Night-.webp'><img loading=\"lazy\" decoding=\"async\" width=\"800\" height=\"457\" src=\"https:\/\/www.paderewskihome.ca\/wp-content\/uploads\/2025\/08\/October-18-2023-Paint-Night--1024x585.webp\" class=\"attachment-large size-large\" alt=\"\" aria-describedby=\"gallery-1-1088\" srcset=\"https:\/\/www.paderewskihome.ca\/wp-content\/uploads\/2025\/08\/October-18-2023-Paint-Night--1024x585.webp 1024w, https:\/\/www.paderewskihome.ca\/wp-content\/uploads\/2025\/08\/October-18-2023-Paint-Night--300x172.webp 300w, https:\/\/www.paderewskihome.ca\/wp-content\/uploads\/2025\/08\/October-18-2023-Paint-Night--768x439.webp 768w, https:\/\/www.paderewskihome.ca\/wp-content\/uploads\/2025\/08\/October-18-2023-Paint-Night--18x10.webp 18w, https:\/\/www.paderewskihome.ca\/wp-content\/uploads\/2025\/08\/October-18-2023-Paint-Night-.webp 1179w\" sizes=\"(max-width: 800px) 100vw, 800px\" \/><\/a>\n\t\t\t<\/div>\n\t\t\t\t<figcaption class='wp-caption-text gallery-caption' id='gallery-1-1088'>\n\t\t\t\tZrzut ekranu\n\t\t\t\t<\/figcaption><\/figure><figure class='gallery-item'>\n\t\t\t<div class='gallery-icon landscape'>\n\t\t\t\t<a data-elementor-open-lightbox=\"yes\" data-elementor-lightbox-slideshow=\"3dd7819\" data-elementor-lightbox-title=\"October 2023 Paint Night #1\" data-e-action-hash=\"#elementor-action%3Aaction%3Dlightbox%26settings%3DeyJpZCI6MTA4OSwidXJsIjoiaHR0cHM6XC9cL3d3dy5wYWRlcmV3c2tpaG9tZS5jYVwvd3AtY29udGVudFwvdXBsb2Fkc1wvMjAyNVwvMDhcL09jdG9iZXItMjAyMy1QYWludC1OaWdodC0xLndlYnAiLCJzbGlkZXNob3ciOiIzZGQ3ODE5In0%3D\" href='https:\/\/www.paderewskihome.ca\/wp-content\/uploads\/2025\/08\/October-2023-Paint-Night-1.webp'><img loading=\"lazy\" decoding=\"async\" width=\"640\" height=\"259\" src=\"https:\/\/www.paderewskihome.ca\/wp-content\/uploads\/2025\/08\/October-2023-Paint-Night-1.webp\" class=\"attachment-large size-large\" alt=\"\" srcset=\"https:\/\/www.paderewskihome.ca\/wp-content\/uploads\/2025\/08\/October-2023-Paint-Night-1.webp 640w, https:\/\/www.paderewskihome.ca\/wp-content\/uploads\/2025\/08\/October-2023-Paint-Night-1-300x121.webp 300w, https:\/\/www.paderewskihome.ca\/wp-content\/uploads\/2025\/08\/October-2023-Paint-Night-1-18x7.webp 18w\" sizes=\"(max-width: 640px) 100vw, 640px\" \/><\/a>\n\t\t\t<\/div><\/figure><figure class='gallery-item'>\n\t\t\t<div class='gallery-icon landscape'>\n\t\t\t\t<a data-elementor-open-lightbox=\"yes\" data-elementor-lightbox-slideshow=\"3dd7819\" data-elementor-lightbox-title=\"October 2023 Paint Night #2\" data-e-action-hash=\"#elementor-action%3Aaction%3Dlightbox%26settings%3DeyJpZCI6MTA5MCwidXJsIjoiaHR0cHM6XC9cL3d3dy5wYWRlcmV3c2tpaG9tZS5jYVwvd3AtY29udGVudFwvdXBsb2Fkc1wvMjAyNVwvMDhcL09jdG9iZXItMjAyMy1QYWludC1OaWdodC0yLndlYnAiLCJzbGlkZXNob3ciOiIzZGQ3ODE5In0%3D\" href='https:\/\/www.paderewskihome.ca\/wp-content\/uploads\/2025\/08\/October-2023-Paint-Night-2.webp'><img loading=\"lazy\" decoding=\"async\" width=\"800\" height=\"798\" src=\"https:\/\/www.paderewskihome.ca\/wp-content\/uploads\/2025\/08\/October-2023-Paint-Night-2-1024x1021.webp\" class=\"attachment-large size-large\" alt=\"\" srcset=\"https:\/\/www.paderewskihome.ca\/wp-content\/uploads\/2025\/08\/October-2023-Paint-Night-2-1024x1021.webp 1024w, https:\/\/www.paderewskihome.ca\/wp-content\/uploads\/2025\/08\/October-2023-Paint-Night-2-300x300.webp 300w, https:\/\/www.paderewskihome.ca\/wp-content\/uploads\/2025\/08\/October-2023-Paint-Night-2-150x150.webp 150w, https:\/\/www.paderewskihome.ca\/wp-content\/uploads\/2025\/08\/October-2023-Paint-Night-2-768x766.webp 768w, https:\/\/www.paderewskihome.ca\/wp-content\/uploads\/2025\/08\/October-2023-Paint-Night-2-1536x1531.webp 1536w, https:\/\/www.paderewskihome.ca\/wp-content\/uploads\/2025\/08\/October-2023-Paint-Night-2-12x12.webp 12w, https:\/\/www.paderewskihome.ca\/wp-content\/uploads\/2025\/08\/October-2023-Paint-Night-2.webp 1541w\" sizes=\"(max-width: 800px) 100vw, 800px\" \/><\/a>\n\t\t\t<\/div><\/figure><figure class='gallery-item'>\n\t\t\t<div class='gallery-icon landscape'>\n\t\t\t\t<a data-elementor-open-lightbox=\"yes\" data-elementor-lightbox-slideshow=\"3dd7819\" data-elementor-lightbox-title=\"October 2023 Paint Night #3\" data-e-action-hash=\"#elementor-action%3Aaction%3Dlightbox%26settings%3DeyJpZCI6MTA5MSwidXJsIjoiaHR0cHM6XC9cL3d3dy5wYWRlcmV3c2tpaG9tZS5jYVwvd3AtY29udGVudFwvdXBsb2Fkc1wvMjAyNVwvMDhcL09jdG9iZXItMjAyMy1QYWludC1OaWdodC0zLndlYnAiLCJzbGlkZXNob3ciOiIzZGQ3ODE5In0%3D\" href='https:\/\/www.paderewskihome.ca\/wp-content\/uploads\/2025\/08\/October-2023-Paint-Night-3.webp'><img loading=\"lazy\" decoding=\"async\" width=\"640\" height=\"397\" src=\"https:\/\/www.paderewskihome.ca\/wp-content\/uploads\/2025\/08\/October-2023-Paint-Night-3.webp\" class=\"attachment-large size-large\" alt=\"\" srcset=\"https:\/\/www.paderewskihome.ca\/wp-content\/uploads\/2025\/08\/October-2023-Paint-Night-3.webp 640w, https:\/\/www.paderewskihome.ca\/wp-content\/uploads\/2025\/08\/October-2023-Paint-Night-3-300x186.webp 300w, https:\/\/www.paderewskihome.ca\/wp-content\/uploads\/2025\/08\/October-2023-Paint-Night-3-18x12.webp 18w\" sizes=\"(max-width: 640px) 100vw, 640px\" \/><\/a>\n\t\t\t<\/div><\/figure><figure class='gallery-item'>\n\t\t\t<div class='gallery-icon landscape'>\n\t\t\t\t<a data-elementor-open-lightbox=\"yes\" data-elementor-lightbox-slideshow=\"3dd7819\" data-elementor-lightbox-title=\"October 2023 Paint Night #4\" data-e-action-hash=\"#elementor-action%3Aaction%3Dlightbox%26settings%3DeyJpZCI6MTA5MiwidXJsIjoiaHR0cHM6XC9cL3d3dy5wYWRlcmV3c2tpaG9tZS5jYVwvd3AtY29udGVudFwvdXBsb2Fkc1wvMjAyNVwvMDhcL09jdG9iZXItMjAyMy1QYWludC1OaWdodC00LndlYnAiLCJzbGlkZXNob3ciOiIzZGQ3ODE5In0%3D\" href='https:\/\/www.paderewskihome.ca\/wp-content\/uploads\/2025\/08\/October-2023-Paint-Night-4.webp'><img loading=\"lazy\" decoding=\"async\" width=\"640\" height=\"591\" src=\"https:\/\/www.paderewskihome.ca\/wp-content\/uploads\/2025\/08\/October-2023-Paint-Night-4.webp\" class=\"attachment-large size-large\" alt=\"\" srcset=\"https:\/\/www.paderewskihome.ca\/wp-content\/uploads\/2025\/08\/October-2023-Paint-Night-4.webp 640w, https:\/\/www.paderewskihome.ca\/wp-content\/uploads\/2025\/08\/October-2023-Paint-Night-4-300x277.webp 300w, https:\/\/www.paderewskihome.ca\/wp-content\/uploads\/2025\/08\/October-2023-Paint-Night-4-13x12.webp 13w\" sizes=\"(max-width: 640px) 100vw, 640px\" \/><\/a>\n\t\t\t<\/div><\/figure>\n\t\t<\/div>\n\t\t<\/div>\n\t\t\t\t\t\t<\/div>\n\t\t\t\t<\/div>\n\t\t\t\t\t<\/div>\n\t\t\t\t<\/div>\n\t\t\t\t<\/div>","protected":false},"excerpt":{"rendered":"<p>Zrzut ekranu z aplikacji Tenants Paint Night<\/p>","protected":false},"author":1,"featured_media":0,"parent":0,"menu_order":0,"comment_status":"closed","ping_status":"closed","template":"","meta":{"footnotes":""},"class_list":["post-1082","page","type-page","status-publish","hentry"],"yoast_head":"<!-- This site is optimized with the Yoast SEO plugin v27.5 - https:\/\/yoast.com\/product\/yoast-seo-wordpress\/ -->\n<title>Tenant Paint Night - Paderewski Society Home<\/title>\n<meta name=\"robots\" content=\"index, follow, max-snippet:-1, max-image-preview:large, max-video-preview:-1\" \/>\n<link rel=\"canonical\" href=\"https:\/\/www.paderewskihome.ca\/pl\/tenant-paint-night\/\" \/>\n<meta property=\"og:locale\" content=\"pl_PL\" \/>\n<meta property=\"og:type\" content=\"article\" \/>\n<meta property=\"og:title\" content=\"Tenant Paint Night - Paderewski Society Home\" \/>\n<meta property=\"og:description\" content=\"Tenants Paint Night Screenshot\" \/>\n<meta property=\"og:url\" content=\"https:\/\/www.paderewskihome.ca\/pl\/tenant-paint-night\/\" \/>\n<meta property=\"og:site_name\" content=\"Paderewski Society Home\" \/>\n<meta property=\"article:modified_time\" content=\"2025-08-15T15:32:17+00:00\" \/>\n<meta property=\"og:image\" content=\"https:\/\/www.paderewskihome.ca\/wp-content\/uploads\/2025\/08\/Christmas-Paint-Night.webp\" \/>\n<meta name=\"twitter:card\" content=\"summary_large_image\" \/>\n<meta name=\"twitter:label1\" content=\"Szacowany czas czytania\" \/>\n\t<meta name=\"twitter:data1\" content=\"2 minuty\" \/>\n<script type=\"application\/ld+json\" class=\"yoast-schema-graph\">{\"@context\":\"https:\\\/\\\/schema.org\",\"@graph\":[{\"@type\":\"WebPage\",\"@id\":\"https:\\\/\\\/www.paderewskihome.ca\\\/tenant-paint-night\\\/\",\"url\":\"https:\\\/\\\/www.paderewskihome.ca\\\/tenant-paint-night\\\/\",\"name\":\"Tenant Paint Night - Paderewski Society Home\",\"isPartOf\":{\"@id\":\"https:\\\/\\\/www.paderewskihome.ca\\\/#website\"},\"primaryImageOfPage\":{\"@id\":\"https:\\\/\\\/www.paderewskihome.ca\\\/tenant-paint-night\\\/#primaryimage\"},\"image\":{\"@id\":\"https:\\\/\\\/www.paderewskihome.ca\\\/tenant-paint-night\\\/#primaryimage\"},\"thumbnailUrl\":\"https:\\\/\\\/www.paderewskihome.ca\\\/wp-content\\\/uploads\\\/2025\\\/08\\\/Christmas-Paint-Night.webp\",\"datePublished\":\"2025-08-15T15:30:30+00:00\",\"dateModified\":\"2025-08-15T15:32:17+00:00\",\"breadcrumb\":{\"@id\":\"https:\\\/\\\/www.paderewskihome.ca\\\/tenant-paint-night\\\/#breadcrumb\"},\"inLanguage\":\"pl-PL\",\"potentialAction\":[{\"@type\":\"ReadAction\",\"target\":[\"https:\\\/\\\/www.paderewskihome.ca\\\/tenant-paint-night\\\/\"]}]},{\"@type\":\"ImageObject\",\"inLanguage\":\"pl-PL\",\"@id\":\"https:\\\/\\\/www.paderewskihome.ca\\\/tenant-paint-night\\\/#primaryimage\",\"url\":\"https:\\\/\\\/www.paderewskihome.ca\\\/wp-content\\\/uploads\\\/2025\\\/08\\\/Christmas-Paint-Night.webp\",\"contentUrl\":\"https:\\\/\\\/www.paderewskihome.ca\\\/wp-content\\\/uploads\\\/2025\\\/08\\\/Christmas-Paint-Night.webp\"},{\"@type\":\"BreadcrumbList\",\"@id\":\"https:\\\/\\\/www.paderewskihome.ca\\\/tenant-paint-night\\\/#breadcrumb\",\"itemListElement\":[{\"@type\":\"ListItem\",\"position\":1,\"name\":\"Home\",\"item\":\"https:\\\/\\\/www.paderewskihome.ca\\\/\"},{\"@type\":\"ListItem\",\"position\":2,\"name\":\"Tenant Paint Night\"}]},{\"@type\":\"WebSite\",\"@id\":\"https:\\\/\\\/www.paderewskihome.ca\\\/#website\",\"url\":\"https:\\\/\\\/www.paderewskihome.ca\\\/\",\"name\":\"Paderewski Society Home\",\"description\":\"Paderewski Society Home\",\"publisher\":{\"@id\":\"https:\\\/\\\/www.paderewskihome.ca\\\/#organization\"},\"potentialAction\":[{\"@type\":\"SearchAction\",\"target\":{\"@type\":\"EntryPoint\",\"urlTemplate\":\"https:\\\/\\\/www.paderewskihome.ca\\\/?s={search_term_string}\"},\"query-input\":{\"@type\":\"PropertyValueSpecification\",\"valueRequired\":true,\"valueName\":\"search_term_string\"}}],\"inLanguage\":\"pl-PL\"},{\"@type\":\"Organization\",\"@id\":\"https:\\\/\\\/www.paderewskihome.ca\\\/#organization\",\"name\":\"Paderewski Society Home\",\"url\":\"https:\\\/\\\/www.paderewskihome.ca\\\/\",\"logo\":{\"@type\":\"ImageObject\",\"inLanguage\":\"pl-PL\",\"@id\":\"https:\\\/\\\/www.paderewskihome.ca\\\/#\\\/schema\\\/logo\\\/image\\\/\",\"url\":\"https:\\\/\\\/www.paderewskihome.ca\\\/wp-content\\\/uploads\\\/2024\\\/05\\\/Paderewski-Niagara-Web-2.png\",\"contentUrl\":\"https:\\\/\\\/www.paderewskihome.ca\\\/wp-content\\\/uploads\\\/2024\\\/05\\\/Paderewski-Niagara-Web-2.png\",\"width\":371,\"height\":121,\"caption\":\"Paderewski Society Home\"},\"image\":{\"@id\":\"https:\\\/\\\/www.paderewskihome.ca\\\/#\\\/schema\\\/logo\\\/image\\\/\"}}]}<\/script>\n<!-- \/ Yoast SEO plugin. -->","yoast_head_json":{"title":"Tenant Paint Night - Paderewski Society Home","robots":{"index":"index","follow":"follow","max-snippet":"max-snippet:-1","max-image-preview":"max-image-preview:large","max-video-preview":"max-video-preview:-1"},"canonical":"https:\/\/www.paderewskihome.ca\/pl\/tenant-paint-night\/","og_locale":"pl_PL","og_type":"article","og_title":"Tenant Paint Night - Paderewski Society Home","og_description":"Tenants Paint Night Screenshot","og_url":"https:\/\/www.paderewskihome.ca\/pl\/tenant-paint-night\/","og_site_name":"Paderewski Society Home","article_modified_time":"2025-08-15T15:32:17+00:00","og_image":[{"url":"https:\/\/www.paderewskihome.ca\/wp-content\/uploads\/2025\/08\/Christmas-Paint-Night.webp","type":"","width":"","height":""}],"twitter_card":"summary_large_image","twitter_misc":{"Szacowany czas czytania":"2 minuty"},"schema":{"@context":"https:\/\/schema.org","@graph":[{"@type":"WebPage","@id":"https:\/\/www.paderewskihome.ca\/tenant-paint-night\/","url":"https:\/\/www.paderewskihome.ca\/tenant-paint-night\/","name":"Tenant Paint Night - Paderewski Society Home","isPartOf":{"@id":"https:\/\/www.paderewskihome.ca\/#website"},"primaryImageOfPage":{"@id":"https:\/\/www.paderewskihome.ca\/tenant-paint-night\/#primaryimage"},"image":{"@id":"https:\/\/www.paderewskihome.ca\/tenant-paint-night\/#primaryimage"},"thumbnailUrl":"https:\/\/www.paderewskihome.ca\/wp-content\/uploads\/2025\/08\/Christmas-Paint-Night.webp","datePublished":"2025-08-15T15:30:30+00:00","dateModified":"2025-08-15T15:32:17+00:00","breadcrumb":{"@id":"https:\/\/www.paderewskihome.ca\/tenant-paint-night\/#breadcrumb"},"inLanguage":"pl-PL","potentialAction":[{"@type":"ReadAction","target":["https:\/\/www.paderewskihome.ca\/tenant-paint-night\/"]}]},{"@type":"ImageObject","inLanguage":"pl-PL","@id":"https:\/\/www.paderewskihome.ca\/tenant-paint-night\/#primaryimage","url":"https:\/\/www.paderewskihome.ca\/wp-content\/uploads\/2025\/08\/Christmas-Paint-Night.webp","contentUrl":"https:\/\/www.paderewskihome.ca\/wp-content\/uploads\/2025\/08\/Christmas-Paint-Night.webp"},{"@type":"BreadcrumbList","@id":"https:\/\/www.paderewskihome.ca\/tenant-paint-night\/#breadcrumb","itemListElement":[{"@type":"ListItem","position":1,"name":"Home","item":"https:\/\/www.paderewskihome.ca\/"},{"@type":"ListItem","position":2,"name":"Tenant Paint Night"}]},{"@type":"WebSite","@id":"https:\/\/www.paderewskihome.ca\/#website","url":"https:\/\/www.paderewskihome.ca\/","name":"Strona g\u0142\u00f3wna Towarzystwa Paderewskiego","description":"Strona g\u0142\u00f3wna Towarzystwa Paderewskiego","publisher":{"@id":"https:\/\/www.paderewskihome.ca\/#organization"},"potentialAction":[{"@type":"SearchAction","target":{"@type":"EntryPoint","urlTemplate":"https:\/\/www.paderewskihome.ca\/?s={search_term_string}"},"query-input":{"@type":"PropertyValueSpecification","valueRequired":true,"valueName":"search_term_string"}}],"inLanguage":"pl-PL"},{"@type":"Organization","@id":"https:\/\/www.paderewskihome.ca\/#organization","name":"Strona g\u0142\u00f3wna Towarzystwa Paderewskiego","url":"https:\/\/www.paderewskihome.ca\/","logo":{"@type":"ImageObject","inLanguage":"pl-PL","@id":"https:\/\/www.paderewskihome.ca\/#\/schema\/logo\/image\/","url":"https:\/\/www.paderewskihome.ca\/wp-content\/uploads\/2024\/05\/Paderewski-Niagara-Web-2.png","contentUrl":"https:\/\/www.paderewskihome.ca\/wp-content\/uploads\/2024\/05\/Paderewski-Niagara-Web-2.png","width":371,"height":121,"caption":"Paderewski Society Home"},"image":{"@id":"https:\/\/www.paderewskihome.ca\/#\/schema\/logo\/image\/"}}]}},"_links":{"self":[{"href":"https:\/\/www.paderewskihome.ca\/pl\/wp-json\/wp\/v2\/pages\/1082","targetHints":{"allow":["GET"]}}],"collection":[{"href":"https:\/\/www.paderewskihome.ca\/pl\/wp-json\/wp\/v2\/pages"}],"about":[{"href":"https:\/\/www.paderewskihome.ca\/pl\/wp-json\/wp\/v2\/types\/page"}],"author":[{"embeddable":true,"href":"https:\/\/www.paderewskihome.ca\/pl\/wp-json\/wp\/v2\/users\/1"}],"replies":[{"embeddable":true,"href":"https:\/\/www.paderewskihome.ca\/pl\/wp-json\/wp\/v2\/comments?post=1082"}],"version-history":[{"count":9,"href":"https:\/\/www.paderewskihome.ca\/pl\/wp-json\/wp\/v2\/pages\/1082\/revisions"}],"predecessor-version":[{"id":1103,"href":"https:\/\/www.paderewskihome.ca\/pl\/wp-json\/wp\/v2\/pages\/1082\/revisions\/1103"}],"wp:attachment":[{"href":"https:\/\/www.paderewskihome.ca\/pl\/wp-json\/wp\/v2\/media?parent=1082"}],"curies":[{"name":"wp","href":"https:\/\/api.w.org\/{rel}","templated":true}]}}