{"id":216,"date":"2024-05-15T17:17:35","date_gmt":"2024-05-15T17:17:35","guid":{"rendered":"https:\/\/www.paderewskihome.ca\/?page_id=216"},"modified":"2024-11-04T16:41:22","modified_gmt":"2024-11-04T16:41:22","slug":"about-us","status":"publish","type":"page","link":"http:\/\/www.paderewskihome.ca\/pl\/about-us\/","title":{"rendered":"O nas"},"content":{"rendered":"<div data-elementor-type=\"wp-page\" data-elementor-id=\"216\" class=\"elementor elementor-216\" data-elementor-post-type=\"page\">\n\t\t\t\t<div class=\"elementor-element elementor-element-f8680da e-flex e-con-boxed e-con e-parent\" data-id=\"f8680da\" data-element_type=\"container\" data-e-type=\"container\">\n\t\t\t\t\t<div class=\"e-con-inner\">\n\t\t<div class=\"elementor-element elementor-element-efb0e9c e-con-full e-flex e-con e-child\" data-id=\"efb0e9c\" data-element_type=\"container\" data-e-type=\"container\">\n\t\t\t\t<div class=\"elementor-element elementor-element-868bf71 elementor-widget elementor-widget-heading\" data-id=\"868bf71\" data-element_type=\"widget\" data-e-type=\"widget\" data-settings=\"{&quot;ekit_we_effect_on&quot;:&quot;none&quot;}\" data-widget_type=\"heading.default\">\n\t\t\t\t<div class=\"elementor-widget-container\">\n\t\t\t\t\t<h2 class=\"elementor-heading-title elementor-size-default\">Strona g\u0142\u00f3wna Towarzystwa Paderewskiego<\/h2>\t\t\t\t<\/div>\n\t\t\t\t<\/div>\n\t\t\t\t<div class=\"elementor-element elementor-element-eb51e87 elementor-widget elementor-widget-text-editor\" data-id=\"eb51e87\" data-element_type=\"widget\" data-e-type=\"widget\" data-settings=\"{&quot;ekit_we_effect_on&quot;:&quot;none&quot;}\" data-widget_type=\"text-editor.default\">\n\t\t\t\t<div class=\"elementor-widget-container\">\n\t\t\t\t\t\t\t\t\t<p>W 1988 roku grupa polskich organizacji w regionie Niagara po\u0142\u0105czy\u0142a si\u0142y, aby zbudowa\u0107 dom dla mieszka\u0144c\u00f3w Niagary polskiego pochodzenia.<\/p><p>Dzi\u0119ki ich staraniom Dom Towarzystwa Paderewskiego, organizacja non-profit, otworzy\u0142 swoje podwoje w kwietniu 1991 roku.<\/p><p>Budynek sk\u0142ada si\u0119 z 70 mieszka\u0144. Znajduje si\u0119 w nim 61 mieszka\u0144 z jedn\u0105 sypialni\u0105 i 9 mieszka\u0144 z dwiema sypialniami. W\u015br\u00f3d wszystkich lokali znajduje si\u0119 5 lokali o zmodyfikowanej dost\u0119pno\u015bci.<\/p><p>Paderewski Society Home zapewnia wysokiej jako\u015bci zakwaterowanie na wynajem i jest niezale\u017cn\u0105 rezydencj\u0105 dla senior\u00f3w z lokatorami w wieku 55 lat i starszymi. Nasz budynek posiada najnowocze\u015bniejszy system monitoringu, aby zapewni\u0107 bezpiecze\u0144stwo wszystkim najemcom.<\/p><p>Paderewski Society Home oferuje zar\u00f3wno wynajem rynkowy, jak i wynajem dostosowany do pomocy dochodowej. Wszyscy wnioskodawcy musz\u0105 wype\u0142ni\u0107 wniosek mieszkaniowy regionu Niagara i uzyska\u0107 zgod\u0119 na umieszczenie na naszej scentralizowanej li\u015bcie oczekuj\u0105cych.<\/p>\t\t\t\t\t\t\t\t<\/div>\n\t\t\t\t<\/div>\n\t\t\t\t<div class=\"elementor-element elementor-element-82d283c elementor-widget elementor-widget-spacer\" data-id=\"82d283c\" data-element_type=\"widget\" data-e-type=\"widget\" data-settings=\"{&quot;ekit_we_effect_on&quot;:&quot;none&quot;}\" data-widget_type=\"spacer.default\">\n\t\t\t\t<div class=\"elementor-widget-container\">\n\t\t\t\t\t\t\t<div class=\"elementor-spacer\">\n\t\t\t<div class=\"elementor-spacer-inner\"><\/div>\n\t\t<\/div>\n\t\t\t\t\t\t<\/div>\n\t\t\t\t<\/div>\n\t\t\t\t<div class=\"elementor-element elementor-element-de26518 elementor-widget elementor-widget-image\" data-id=\"de26518\" data-element_type=\"widget\" data-e-type=\"widget\" data-settings=\"{&quot;ekit_we_effect_on&quot;:&quot;none&quot;}\" data-widget_type=\"image.default\">\n\t\t\t\t<div class=\"elementor-widget-container\">\n\t\t\t\t\t\t\t\t\t\t\t\t\t\t\t<img fetchpriority=\"high\" decoding=\"async\" width=\"800\" height=\"533\" src=\"https:\/\/www.paderewskihome.ca\/wp-content\/uploads\/2024\/05\/DJI_0674-1024x682.jpg\" class=\"attachment-large size-large wp-image-95\" alt=\"\" srcset=\"https:\/\/www.paderewskihome.ca\/wp-content\/uploads\/2024\/05\/DJI_0674-1024x682.jpg 1024w, https:\/\/www.paderewskihome.ca\/wp-content\/uploads\/2024\/05\/DJI_0674-300x200.jpg 300w, https:\/\/www.paderewskihome.ca\/wp-content\/uploads\/2024\/05\/DJI_0674-768x512.jpg 768w, https:\/\/www.paderewskihome.ca\/wp-content\/uploads\/2024\/05\/DJI_0674-1536x1024.jpg 1536w, https:\/\/www.paderewskihome.ca\/wp-content\/uploads\/2024\/05\/DJI_0674.jpg 2000w\" sizes=\"(max-width: 800px) 100vw, 800px\" \/>\t\t\t\t\t\t\t\t\t\t\t\t\t\t\t<\/div>\n\t\t\t\t<\/div>\n\t\t\t\t<\/div>\n\t\t<div class=\"elementor-element elementor-element-3f00f3e e-con-full e-flex e-con e-child\" data-id=\"3f00f3e\" data-element_type=\"container\" data-e-type=\"container\">\n\t\t\t\t<div class=\"elementor-element elementor-element-046d8a2 e-transform elementor-widget elementor-widget-image\" data-id=\"046d8a2\" data-element_type=\"widget\" data-e-type=\"widget\" data-settings=\"{&quot;_transform_translateX_effect&quot;:{&quot;unit&quot;:&quot;px&quot;,&quot;size&quot;:0,&quot;sizes&quot;:[]},&quot;ekit_we_effect_on&quot;:&quot;none&quot;,&quot;_transform_translateX_effect_tablet&quot;:{&quot;unit&quot;:&quot;px&quot;,&quot;size&quot;:&quot;&quot;,&quot;sizes&quot;:[]},&quot;_transform_translateX_effect_mobile&quot;:{&quot;unit&quot;:&quot;px&quot;,&quot;size&quot;:&quot;&quot;,&quot;sizes&quot;:[]},&quot;_transform_translateY_effect&quot;:{&quot;unit&quot;:&quot;px&quot;,&quot;size&quot;:&quot;&quot;,&quot;sizes&quot;:[]},&quot;_transform_translateY_effect_tablet&quot;:{&quot;unit&quot;:&quot;px&quot;,&quot;size&quot;:&quot;&quot;,&quot;sizes&quot;:[]},&quot;_transform_translateY_effect_mobile&quot;:{&quot;unit&quot;:&quot;px&quot;,&quot;size&quot;:&quot;&quot;,&quot;sizes&quot;:[]}}\" data-widget_type=\"image.default\">\n\t\t\t\t<div class=\"elementor-widget-container\">\n\t\t\t\t\t\t\t\t\t\t\t\t\t\t\t<img decoding=\"async\" width=\"800\" height=\"533\" src=\"https:\/\/www.paderewskihome.ca\/wp-content\/uploads\/2024\/05\/DJI_0704-1024x682.jpg\" class=\"attachment-large size-large wp-image-87\" alt=\"\" srcset=\"https:\/\/www.paderewskihome.ca\/wp-content\/uploads\/2024\/05\/DJI_0704-1024x682.jpg 1024w, https:\/\/www.paderewskihome.ca\/wp-content\/uploads\/2024\/05\/DJI_0704-300x200.jpg 300w, https:\/\/www.paderewskihome.ca\/wp-content\/uploads\/2024\/05\/DJI_0704-768x512.jpg 768w, https:\/\/www.paderewskihome.ca\/wp-content\/uploads\/2024\/05\/DJI_0704-1536x1024.jpg 1536w, https:\/\/www.paderewskihome.ca\/wp-content\/uploads\/2024\/05\/DJI_0704.jpg 2000w\" sizes=\"(max-width: 800px) 100vw, 800px\" \/>\t\t\t\t\t\t\t\t\t\t\t\t\t\t\t<\/div>\n\t\t\t\t<\/div>\n\t\t\t\t<div class=\"elementor-element elementor-element-b099716 elementor-widget elementor-widget-spacer\" data-id=\"b099716\" data-element_type=\"widget\" data-e-type=\"widget\" data-settings=\"{&quot;ekit_we_effect_on&quot;:&quot;none&quot;}\" data-widget_type=\"spacer.default\">\n\t\t\t\t<div class=\"elementor-widget-container\">\n\t\t\t\t\t\t\t<div class=\"elementor-spacer\">\n\t\t\t<div class=\"elementor-spacer-inner\"><\/div>\n\t\t<\/div>\n\t\t\t\t\t\t<\/div>\n\t\t\t\t<\/div>\n\t\t\t\t<div class=\"elementor-element elementor-element-117b867 elementor-widget elementor-widget-text-editor\" data-id=\"117b867\" data-element_type=\"widget\" data-e-type=\"widget\" data-settings=\"{&quot;ekit_we_effect_on&quot;:&quot;none&quot;}\" data-widget_type=\"text-editor.default\">\n\t\t\t\t<div class=\"elementor-widget-container\">\n\t\t\t\t\t\t\t\t\t<p>Paderewski Society Home jest centralnie po\u0142o\u017cony w pobli\u017cu park\u00f3w, centr\u00f3w handlowych, ko\u015bcio\u0142\u00f3w, restauracji, rekreacji i biblioteki. Transport miejski jest r\u00f3wnie\u017c w pobli\u017cu dla najemc\u00f3w.<\/p><p>Zapewniaj\u0105c przyst\u0119pne cenowo miejsce do \u017cycia, nasz\u0105 sta\u0142\u0105 misj\u0105 jest zapewnienie r\u00f3wnowagi mi\u0119dzy prywatno\u015bci\u0105 a niezale\u017cno\u015bci\u0105, a tak\u017ce pomoc seniorom w aktywnym \u017cyciu w bezpiecznym, czystym i przyjemnym \u015brodowisku. Nasza misja obejmuje poszanowanie i uznanie r\u00f3\u017cnorodnych warto\u015bci kulturowych i przekona\u0144, a tak\u017ce prawa mieszka\u0144c\u00f3w do niezale\u017cno\u015bci.<\/p><p>Dom Towarzystwa Paderewski jest zarz\u0105dzany przez zewn\u0119trzny Zarz\u0105d. S\u0105 to zaanga\u017cowani wolontariusze, kt\u00f3rzy wraz z pracownikami dzia\u0142u us\u0142ug mieszkaniowych i pracownikami biura wsp\u00f3\u0142pracuj\u0105, aby zapewni\u0107 tworzenie udanych program\u00f3w spo\u0142eczno\u015bciowych z korzy\u015bci\u0105 dla senior\u00f3w.<\/p>\t\t\t\t\t\t\t\t<\/div>\n\t\t\t\t<\/div>\n\t\t\t\t<\/div>\n\t\t\t\t\t<\/div>\n\t\t\t\t<\/div>\n\t\t\t\t<\/div>","protected":false},"excerpt":{"rendered":"<p>Paderewski Society Home In 1988 a group of Polish Organizations in the Niagara Region banded together to build a home for Niagara residents of Polish descent. Thanks to their efforts Paderewski Society Home, a non-profit organization opened its doors in April 1991. The building is comprised of 70 apartments. There are 61 one-bedroom units and [&hellip;]<\/p>\n","protected":false},"author":1,"featured_media":0,"parent":0,"menu_order":0,"comment_status":"closed","ping_status":"closed","template":"elementor_header_footer","meta":{"footnotes":""},"class_list":["post-216","page","type-page","status-publish","hentry"],"yoast_head":"<!-- This site is optimized with the Yoast SEO plugin v27.5 - https:\/\/yoast.com\/product\/yoast-seo-wordpress\/ -->\n<title>About Us - Paderewski Society Home<\/title>\n<meta name=\"robots\" content=\"index, follow, max-snippet:-1, max-image-preview:large, max-video-preview:-1\" \/>\n<link rel=\"canonical\" href=\"https:\/\/www.paderewskihome.ca\/pl\/about-us\/\" \/>\n<meta property=\"og:locale\" content=\"pl_PL\" \/>\n<meta property=\"og:type\" content=\"article\" \/>\n<meta property=\"og:title\" content=\"About Us - Paderewski Society Home\" \/>\n<meta property=\"og:description\" content=\"Paderewski Society Home In 1988 a group of Polish Organizations in the Niagara Region banded together to build a home for Niagara residents of Polish descent. Thanks to their efforts Paderewski Society Home, a non-profit organization opened its doors in April 1991. The building is comprised of 70 apartments. There are 61 one-bedroom units and [&hellip;]\" \/>\n<meta property=\"og:url\" content=\"https:\/\/www.paderewskihome.ca\/pl\/about-us\/\" \/>\n<meta property=\"og:site_name\" content=\"Paderewski Society Home\" \/>\n<meta property=\"article:modified_time\" content=\"2024-11-04T16:41:22+00:00\" \/>\n<meta property=\"og:image\" content=\"https:\/\/www.paderewskihome.ca\/wp-content\/uploads\/2024\/05\/DJI_0674-1024x682.jpg\" \/>\n<meta name=\"twitter:card\" content=\"summary_large_image\" \/>\n<meta name=\"twitter:label1\" content=\"Szacowany czas czytania\" \/>\n\t<meta name=\"twitter:data1\" content=\"1 minuta\" \/>\n<script type=\"application\/ld+json\" class=\"yoast-schema-graph\">{\"@context\":\"https:\\\/\\\/schema.org\",\"@graph\":[{\"@type\":\"WebPage\",\"@id\":\"https:\\\/\\\/www.paderewskihome.ca\\\/about-us\\\/\",\"url\":\"https:\\\/\\\/www.paderewskihome.ca\\\/about-us\\\/\",\"name\":\"About Us - Paderewski Society Home\",\"isPartOf\":{\"@id\":\"https:\\\/\\\/www.paderewskihome.ca\\\/#website\"},\"primaryImageOfPage\":{\"@id\":\"https:\\\/\\\/www.paderewskihome.ca\\\/about-us\\\/#primaryimage\"},\"image\":{\"@id\":\"https:\\\/\\\/www.paderewskihome.ca\\\/about-us\\\/#primaryimage\"},\"thumbnailUrl\":\"https:\\\/\\\/www.paderewskihome.ca\\\/wp-content\\\/uploads\\\/2024\\\/05\\\/DJI_0674-1024x682.jpg\",\"datePublished\":\"2024-05-15T17:17:35+00:00\",\"dateModified\":\"2024-11-04T16:41:22+00:00\",\"breadcrumb\":{\"@id\":\"https:\\\/\\\/www.paderewskihome.ca\\\/about-us\\\/#breadcrumb\"},\"inLanguage\":\"pl-PL\",\"potentialAction\":[{\"@type\":\"ReadAction\",\"target\":[\"https:\\\/\\\/www.paderewskihome.ca\\\/about-us\\\/\"]}]},{\"@type\":\"ImageObject\",\"inLanguage\":\"pl-PL\",\"@id\":\"https:\\\/\\\/www.paderewskihome.ca\\\/about-us\\\/#primaryimage\",\"url\":\"https:\\\/\\\/www.paderewskihome.ca\\\/wp-content\\\/uploads\\\/2024\\\/05\\\/DJI_0674-1024x682.jpg\",\"contentUrl\":\"https:\\\/\\\/www.paderewskihome.ca\\\/wp-content\\\/uploads\\\/2024\\\/05\\\/DJI_0674-1024x682.jpg\"},{\"@type\":\"BreadcrumbList\",\"@id\":\"https:\\\/\\\/www.paderewskihome.ca\\\/about-us\\\/#breadcrumb\",\"itemListElement\":[{\"@type\":\"ListItem\",\"position\":1,\"name\":\"Home\",\"item\":\"https:\\\/\\\/www.paderewskihome.ca\\\/\"},{\"@type\":\"ListItem\",\"position\":2,\"name\":\"About Us\"}]},{\"@type\":\"WebSite\",\"@id\":\"https:\\\/\\\/www.paderewskihome.ca\\\/#website\",\"url\":\"https:\\\/\\\/www.paderewskihome.ca\\\/\",\"name\":\"Paderewski Society Home\",\"description\":\"Paderewski Society Home\",\"publisher\":{\"@id\":\"https:\\\/\\\/www.paderewskihome.ca\\\/#organization\"},\"potentialAction\":[{\"@type\":\"SearchAction\",\"target\":{\"@type\":\"EntryPoint\",\"urlTemplate\":\"https:\\\/\\\/www.paderewskihome.ca\\\/?s={search_term_string}\"},\"query-input\":{\"@type\":\"PropertyValueSpecification\",\"valueRequired\":true,\"valueName\":\"search_term_string\"}}],\"inLanguage\":\"pl-PL\"},{\"@type\":\"Organization\",\"@id\":\"https:\\\/\\\/www.paderewskihome.ca\\\/#organization\",\"name\":\"Paderewski Society Home\",\"url\":\"https:\\\/\\\/www.paderewskihome.ca\\\/\",\"logo\":{\"@type\":\"ImageObject\",\"inLanguage\":\"pl-PL\",\"@id\":\"https:\\\/\\\/www.paderewskihome.ca\\\/#\\\/schema\\\/logo\\\/image\\\/\",\"url\":\"https:\\\/\\\/www.paderewskihome.ca\\\/wp-content\\\/uploads\\\/2024\\\/05\\\/Paderewski-Niagara-Web-2.png\",\"contentUrl\":\"https:\\\/\\\/www.paderewskihome.ca\\\/wp-content\\\/uploads\\\/2024\\\/05\\\/Paderewski-Niagara-Web-2.png\",\"width\":371,\"height\":121,\"caption\":\"Paderewski Society Home\"},\"image\":{\"@id\":\"https:\\\/\\\/www.paderewskihome.ca\\\/#\\\/schema\\\/logo\\\/image\\\/\"}}]}<\/script>\n<!-- \/ Yoast SEO plugin. -->","yoast_head_json":{"title":"About Us - Paderewski Society Home","robots":{"index":"index","follow":"follow","max-snippet":"max-snippet:-1","max-image-preview":"max-image-preview:large","max-video-preview":"max-video-preview:-1"},"canonical":"https:\/\/www.paderewskihome.ca\/pl\/about-us\/","og_locale":"pl_PL","og_type":"article","og_title":"About Us - Paderewski Society Home","og_description":"Paderewski Society Home In 1988 a group of Polish Organizations in the Niagara Region banded together to build a home for Niagara residents of Polish descent. Thanks to their efforts Paderewski Society Home, a non-profit organization opened its doors in April 1991. The building is comprised of 70 apartments. There are 61 one-bedroom units and [&hellip;]","og_url":"https:\/\/www.paderewskihome.ca\/pl\/about-us\/","og_site_name":"Paderewski Society Home","article_modified_time":"2024-11-04T16:41:22+00:00","og_image":[{"url":"https:\/\/www.paderewskihome.ca\/wp-content\/uploads\/2024\/05\/DJI_0674-1024x682.jpg","type":"","width":"","height":""}],"twitter_card":"summary_large_image","twitter_misc":{"Szacowany czas czytania":"1 minuta"},"schema":{"@context":"https:\/\/schema.org","@graph":[{"@type":"WebPage","@id":"https:\/\/www.paderewskihome.ca\/about-us\/","url":"https:\/\/www.paderewskihome.ca\/about-us\/","name":"About Us - Paderewski Society Home","isPartOf":{"@id":"https:\/\/www.paderewskihome.ca\/#website"},"primaryImageOfPage":{"@id":"https:\/\/www.paderewskihome.ca\/about-us\/#primaryimage"},"image":{"@id":"https:\/\/www.paderewskihome.ca\/about-us\/#primaryimage"},"thumbnailUrl":"https:\/\/www.paderewskihome.ca\/wp-content\/uploads\/2024\/05\/DJI_0674-1024x682.jpg","datePublished":"2024-05-15T17:17:35+00:00","dateModified":"2024-11-04T16:41:22+00:00","breadcrumb":{"@id":"https:\/\/www.paderewskihome.ca\/about-us\/#breadcrumb"},"inLanguage":"pl-PL","potentialAction":[{"@type":"ReadAction","target":["https:\/\/www.paderewskihome.ca\/about-us\/"]}]},{"@type":"ImageObject","inLanguage":"pl-PL","@id":"https:\/\/www.paderewskihome.ca\/about-us\/#primaryimage","url":"https:\/\/www.paderewskihome.ca\/wp-content\/uploads\/2024\/05\/DJI_0674-1024x682.jpg","contentUrl":"https:\/\/www.paderewskihome.ca\/wp-content\/uploads\/2024\/05\/DJI_0674-1024x682.jpg"},{"@type":"BreadcrumbList","@id":"https:\/\/www.paderewskihome.ca\/about-us\/#breadcrumb","itemListElement":[{"@type":"ListItem","position":1,"name":"Home","item":"https:\/\/www.paderewskihome.ca\/"},{"@type":"ListItem","position":2,"name":"About Us"}]},{"@type":"WebSite","@id":"https:\/\/www.paderewskihome.ca\/#website","url":"https:\/\/www.paderewskihome.ca\/","name":"Strona g\u0142\u00f3wna Towarzystwa Paderewskiego","description":"Strona g\u0142\u00f3wna Towarzystwa Paderewskiego","publisher":{"@id":"https:\/\/www.paderewskihome.ca\/#organization"},"potentialAction":[{"@type":"SearchAction","target":{"@type":"EntryPoint","urlTemplate":"https:\/\/www.paderewskihome.ca\/?s={search_term_string}"},"query-input":{"@type":"PropertyValueSpecification","valueRequired":true,"valueName":"search_term_string"}}],"inLanguage":"pl-PL"},{"@type":"Organization","@id":"https:\/\/www.paderewskihome.ca\/#organization","name":"Strona g\u0142\u00f3wna Towarzystwa Paderewskiego","url":"https:\/\/www.paderewskihome.ca\/","logo":{"@type":"ImageObject","inLanguage":"pl-PL","@id":"https:\/\/www.paderewskihome.ca\/#\/schema\/logo\/image\/","url":"https:\/\/www.paderewskihome.ca\/wp-content\/uploads\/2024\/05\/Paderewski-Niagara-Web-2.png","contentUrl":"https:\/\/www.paderewskihome.ca\/wp-content\/uploads\/2024\/05\/Paderewski-Niagara-Web-2.png","width":371,"height":121,"caption":"Paderewski Society Home"},"image":{"@id":"https:\/\/www.paderewskihome.ca\/#\/schema\/logo\/image\/"}}]}},"_links":{"self":[{"href":"http:\/\/www.paderewskihome.ca\/pl\/wp-json\/wp\/v2\/pages\/216","targetHints":{"allow":["GET"]}}],"collection":[{"href":"http:\/\/www.paderewskihome.ca\/pl\/wp-json\/wp\/v2\/pages"}],"about":[{"href":"http:\/\/www.paderewskihome.ca\/pl\/wp-json\/wp\/v2\/types\/page"}],"author":[{"embeddable":true,"href":"http:\/\/www.paderewskihome.ca\/pl\/wp-json\/wp\/v2\/users\/1"}],"replies":[{"embeddable":true,"href":"http:\/\/www.paderewskihome.ca\/pl\/wp-json\/wp\/v2\/comments?post=216"}],"version-history":[{"count":10,"href":"http:\/\/www.paderewskihome.ca\/pl\/wp-json\/wp\/v2\/pages\/216\/revisions"}],"predecessor-version":[{"id":990,"href":"http:\/\/www.paderewskihome.ca\/pl\/wp-json\/wp\/v2\/pages\/216\/revisions\/990"}],"wp:attachment":[{"href":"http:\/\/www.paderewskihome.ca\/pl\/wp-json\/wp\/v2\/media?parent=216"}],"curies":[{"name":"wp","href":"https:\/\/api.w.org\/{rel}","templated":true}]}}